{"id":88978,"date":"2022-02-08T10:59:43","date_gmt":"2022-02-08T10:59:43","guid":{"rendered":"https:\/\/graham.twentyfirst.media\/elba-sunset-mallorca\/"},"modified":"2022-03-21T10:09:04","modified_gmt":"2022-03-21T10:09:04","slug":"elba-sunset-mallorca","status":"publish","type":"page","link":"https:\/\/pg-academies.com\/de\/elba-sunset-mallorca\/","title":{"rendered":"ELBA SUNSET MALLORCA"},"content":{"rendered":"<p>[vc_row unlock_row_content=&#8220;yes&#8220; row_height_percent=&#8220;95&#8243; override_padding=&#8220;yes&#8220; h_padding=&#8220;4&#8243; top_padding=&#8220;4&#8243; bottom_padding=&#8220;4&#8243; back_image=&#8220;88449&#8243; back_position=&#8220;center bottom&#8220; overlay_color=&#8220;color-jevc&#8220; overlay_alpha=&#8220;10&#8243; gutter_size=&#8220;3&#8243; column_width_percent=&#8220;100&#8243; shift_y=&#8220;0&#8243; z_index=&#8220;0&#8243; uncode_shortcode_id=&#8220;477467&#8243; overlay_color_type=&#8220;uncode-palette&#8220;][vc_column column_width_percent=&#8220;100&#8243; position_vertical=&#8220;bottom&#8220; gutter_size=&#8220;0&#8243; overlay_alpha=&#8220;50&#8243; shift_x=&#8220;0&#8243; shift_y=&#8220;0&#8243; shift_y_down=&#8220;0&#8243; z_index=&#8220;0&#8243; medium_width=&#8220;0&#8243; mobile_width=&#8220;0&#8243; width=&#8220;1\/1&#8243; uncode_shortcode_id=&#8220;416823&#8243;][vc_custom_heading auto_text=&#8220;yes&#8220; text_color=&#8220;color-xsdn&#8220; heading_semantic=&#8220;h1&#8243; text_font=&#8220;font-762333&#8243; text_size=&#8220;fontsize-338686&#8243; text_weight=&#8220;700&#8243; text_space=&#8220;fontspace-781688&#8243; uncode_shortcode_id=&#8220;213664&#8243; text_color_type=&#8220;uncode-palette&#8220;]Elba Sunset Mallorca[\/vc_custom_heading][vc_custom_heading text_color=&#8220;color-xsdn&#8220; heading_semantic=&#8220;h1&#8243; text_font=&#8220;font-762333&#8243; text_size=&#8220;fontsize-155944&#8243; text_weight=&#8220;500&#8243; text_space=&#8220;fontspace-781688&#8243; uncode_shortcode_id=&#8220;763416&#8243; text_color_type=&#8220;uncode-palette&#8220;]****[\/vc_custom_heading][\/vc_column][\/vc_row][vc_row unlock_row_content=&#8220;yes&#8220; row_height_percent=&#8220;50&#8243; override_padding=&#8220;yes&#8220; h_padding=&#8220;0&#8243; top_padding=&#8220;0&#8243; bottom_padding=&#8220;0&#8243; overlay_alpha=&#8220;50&#8243; equal_height=&#8220;yes&#8220; gutter_size=&#8220;0&#8243; column_width_percent=&#8220;100&#8243; shift_y=&#8220;0&#8243; z_index=&#8220;0&#8243; uncode_shortcode_id=&#8220;513466&#8243;][vc_column column_width_percent=&#8220;100&#8243; position_vertical=&#8220;middle&#8220; align_horizontal=&#8220;align_center&#8220; gutter_size=&#8220;0&#8243; overlay_color=&#8220;color-nhtu&#8220; overlay_alpha=&#8220;40&#8243; shift_x=&#8220;0&#8243; shift_y=&#8220;0&#8243; shift_y_down=&#8220;0&#8243; z_index=&#8220;0&#8243; medium_width=&#8220;0&#8243; mobile_width=&#8220;0&#8243; width=&#8220;1\/2&#8243; mobile_height=&#8220;300&#8243; uncode_shortcode_id=&#8220;770570&#8243; overlay_color_type=&#8220;uncode-palette&#8220;][vc_row_inner row_inner_height_percent=&#8220;100&#8243; overlay_alpha=&#8220;50&#8243; equal_height=&#8220;yes&#8220; gutter_size=&#8220;0&#8243; shift_y=&#8220;0&#8243; z_index=&#8220;0&#8243; limit_content=&#8220;&#8220; uncode_shortcode_id=&#8220;201640&#8243;][vc_column_inner column_width_percent=&#8220;100&#8243; gutter_size=&#8220;0&#8243; override_padding=&#8220;yes&#8220; column_padding=&#8220;4&#8243; back_color=&#8220;color-lxmt&#8220; overlay_alpha=&#8220;50&#8243; shift_x=&#8220;0&#8243; shift_y=&#8220;0&#8243; shift_y_down=&#8220;0&#8243; z_index=&#8220;0&#8243; medium_width=&#8220;4&#8243; mobile_width=&#8220;0&#8243; width=&#8220;1\/2&#8243; uncode_shortcode_id=&#8220;974465&#8243; back_color_type=&#8220;uncode-palette&#8220;][vc_icon icon=&#8220;fa fa-tools&#8220; icon_image=&#8220;87905&#8243; media_size=&#8220;50&#8243; text_font=&#8220;font-762333&#8243; text_size=&#8220;h2&#8243; text_weight=&#8220;500&#8243; text_space=&#8220;fontspace-781688&#8243; align=&#8220;left&#8220; title=&#8220;PRO-TIPP&#8220; uncode_shortcode_id=&#8220;362541&#8243;]Mallorca hat \u00fcber 20 atemberaubende Golfpl\u00e4tze an au\u00dfergew\u00f6hnlichen Orten und in sehensw\u00fcrdigen Landschaften. 5 dieser wundersch\u00f6nen Golfpl\u00e4tze sind schnell erreichbar im Umkreis von 15 km des Hotels.[\/vc_icon][\/vc_column_inner][vc_column_inner column_width_percent=&#8220;100&#8243; gutter_size=&#8220;3&#8243; override_padding=&#8220;yes&#8220; column_padding=&#8220;4&#8243; back_color=&#8220;color-lxmt&#8220; back_image=&#8220;88481&#8243; back_position=&#8220;center top&#8220; overlay_alpha=&#8220;50&#8243; shift_x=&#8220;0&#8243; shift_y=&#8220;0&#8243; shift_y_down=&#8220;0&#8243; z_index=&#8220;0&#8243; medium_width=&#8220;4&#8243; mobile_width=&#8220;0&#8243; width=&#8220;1\/2&#8243; mobile_height=&#8220;300&#8243; uncode_shortcode_id=&#8220;100869&#8243; back_color_type=&#8220;uncode-palette&#8220;][\/vc_column_inner][\/vc_row_inner][\/vc_column][vc_column column_width_percent=&#8220;100&#8243; gutter_size=&#8220;0&#8243; back_color=&#8220;color-lxmt&#8220; overlay_alpha=&#8220;50&#8243; shift_x=&#8220;0&#8243; shift_y=&#8220;0&#8243; shift_y_down=&#8220;0&#8243; z_index=&#8220;0&#8243; medium_width=&#8220;0&#8243; mobile_width=&#8220;0&#8243; width=&#8220;1\/2&#8243; uncode_shortcode_id=&#8220;213584&#8243; back_color_type=&#8220;uncode-palette&#8220;][vc_row_inner row_inner_height_percent=&#8220;50&#8243; back_color=&#8220;color-lxmt&#8220; overlay_alpha=&#8220;50&#8243; gutter_size=&#8220;3&#8243; shift_y=&#8220;0&#8243; z_index=&#8220;0&#8243; limit_content=&#8220;&#8220; uncode_shortcode_id=&#8220;789599&#8243; back_color_type=&#8220;uncode-palette&#8220;][vc_column_inner column_width_percent=&#8220;100&#8243; gutter_size=&#8220;2&#8243; override_padding=&#8220;yes&#8220; column_padding=&#8220;3&#8243; overlay_alpha=&#8220;50&#8243; shift_x=&#8220;0&#8243; shift_y=&#8220;0&#8243; shift_y_down=&#8220;0&#8243; z_index=&#8220;0&#8243; medium_width=&#8220;0&#8243; mobile_width=&#8220;0&#8243; width=&#8220;1\/1&#8243; uncode_shortcode_id=&#8220;154144&#8243;][vc_custom_heading text_font=&#8220;font-762333&#8243; text_size=&#8220;h1&#8243; text_weight=&#8220;500&#8243; text_space=&#8220;fontspace-781688&#8243; uncode_shortcode_id=&#8220;114677&#8243;]WELLNESS &amp; GOLF[\/vc_custom_heading][vc_column_text text_lead=&#8220;yes&#8220; uncode_shortcode_id=&#8220;833624&#8243;]<strong>Elba Sunset Mallorca ist ein Golfhotel<\/strong>, ein wirkliches Paradies f\u00fcr die Liebhaber dieses Sports. Mallorca verf\u00fcgt \u00fcber mehr als 20 Golfpl\u00e4tze bester Qualit\u00e4t, die sich alle in au\u00dfergew\u00f6hnlicher Lage befinden. <strong>Die Insel ist eines der beliebtesten Golfziele Europas<\/strong> und befindet sich nur 2 Flugstunden von den wichtigsten europ\u00e4ischen Flugh\u00e4fen entfernt, um eine gro\u00dfes und fantastisches Angebot vorzufinden.[\/vc_column_text][vc_button size=&#8220;btn-lg&#8220; border_animation=&#8220;btn-ripple-out&#8220; shadow=&#8220;yes&#8220; border_width=&#8220;0&#8243; link=&#8220;url:%23&#8243; uncode_shortcode_id=&#8220;170489&#8243; icon=&#8220;fa fa-calendar-plus-o&#8220; width=&#8220;200&#8243;]ANGEBOT ANFORDERN \/ BUCHEN[\/vc_button][vc_column_text text_lead=&#8220;small&#8220; uncode_shortcode_id=&#8220;120664&#8243;]* Nur buchbar bis sp\u00e4testens 40 Tage vor Abreise![\/vc_column_text][\/vc_column_inner][\/vc_row_inner][\/vc_column][\/vc_row][vc_row unlock_row_content=&#8220;yes&#8220; row_height_percent=&#8220;50&#8243; override_padding=&#8220;yes&#8220; h_padding=&#8220;0&#8243; top_padding=&#8220;0&#8243; bottom_padding=&#8220;0&#8243; overlay_alpha=&#8220;50&#8243; equal_height=&#8220;yes&#8220; gutter_size=&#8220;0&#8243; shift_y=&#8220;0&#8243;][vc_column column_width_percent=&#8220;100&#8243; gutter_size=&#8220;2&#8243; override_padding=&#8220;yes&#8220; column_padding=&#8220;4&#8243; overlay_alpha=&#8220;50&#8243; shift_x=&#8220;0&#8243; shift_y=&#8220;0&#8243; shift_y_down=&#8220;0&#8243; z_index=&#8220;0&#8243; medium_width=&#8220;0&#8243; mobile_width=&#8220;0&#8243; width=&#8220;1\/2&#8243; uncode_shortcode_id=&#8220;938873&#8243;][vc_column_text uncode_shortcode_id=&#8220;194572&#8243; el_class=&#8220;hotel-details&#8220;]<\/p>\n<table>\n<tbody>\n<tr>\n<td width=\"10%\"><b>Ort:<\/b><\/td>\n<td width=\"50%\"><strong>Elba Sunset Mallorca<\/strong> **** <strong> <\/strong>befindet sich auf Mallorca in einem ruhigen Wohngebiet nur wenige Meter vom Touristenbereich von Palmanova, einer privilegierten Enklave von Calvi\u00e0. Es erhebt sich majest\u00e4tisch auf einer Klippe zwischen dem Meer und dem Himmel mit unvergleichbarer Sicht auf das tiefblaue Wasser des <strong>Mittelmeers<\/strong>und auf die Insel DE SA PORRASA. <\/td>\n<\/tr>\n<tr>\n<td><b>Hotel:<\/b><\/td>\n<td><strong>Ein Avantgarde-Hotel<\/strong>, das wegen seiner Moderne und Lage \u00fcber dem Mittelmeer herausragt und eine einzigartige Erfahrung bietet, die sich an jede einzelne Person mit einem pers\u00f6nlichen Service anpasst, der zu Ihrem eigentlichen Ich Verbindung aufnimmt.<\/td>\n<\/tr>\n<tr>\n<td><b>Zimmer:<\/b><\/td>\n<td>Dieses <strong>diskrete 4-Sterne-Hotel Elba Sunset Mallorca<\/strong> oberer Klasse hat 252 Zimmer und Suiten mit entspannendem Blick aufs Meer. Von Ihrem eigenen Balkon oder der privaten Terrasse aus k\u00f6nnen Sie die Postkartenaussicht in Ihren Ruhemomenten genie\u00dfen.<\/td>\n<\/tr>\n<tr>\n<td><b>Sport:<\/b><\/td>\n<td>Fitness-Studio, Pool-Anlage, Welness-Bereich<\/td>\n<\/tr>\n<tr>\n<td><b>Golf:<\/b><\/td>\n<td>Golf Club Poniente golf club (5 km), Real Club Bendinat golf club (9 km), Santa Ponsa golf club (10 km), Golf de Andratx golf club (15 km), Arabella Golf Mallorca (Son Vida, Son Muntaner &amp; Son Quint) (16 km)<\/td>\n<\/tr>\n<\/tbody>\n<\/table>\n<p>[\/vc_column_text][\/vc_column][vc_column column_width_percent=&#8220;100&#8243; position_vertical=&#8220;middle&#8220; align_horizontal=&#8220;align_center&#8220; gutter_size=&#8220;3&#8243; back_color=&#8220;color-wayh&#8220; back_image=&#8220;88477&#8243; parallax=&#8220;yes&#8220; kburns=&#8220;yes&#8220; overlay_color=&#8220;color-nhtu&#8220; overlay_alpha=&#8220;40&#8243; shift_x=&#8220;0&#8243; shift_y=&#8220;0&#8243; shift_y_down=&#8220;0&#8243; z_index=&#8220;0&#8243; medium_visibility=&#8220;yes&#8220; medium_width=&#8220;0&#8243; mobile_visibility=&#8220;yes&#8220; mobile_width=&#8220;0&#8243; width=&#8220;1\/2&#8243; mobile_height=&#8220;300&#8243; uncode_shortcode_id=&#8220;947786&#8243; back_color_type=&#8220;uncode-palette&#8220; overlay_color_type=&#8220;uncode-palette&#8220;][vc_icon icon=&#8220;fa fa-play&#8220; background_style=&#8220;fa-rounded&#8220; size=&#8220;fa-3x&#8220; icon_automatic=&#8220;yes&#8220; shadow=&#8220;yes&#8220; css_animation=&#8220;zoom-in&#8220; media_lightbox=&#8220;88483&#8243; uncode_shortcode_id=&#8220;184169&#8243;][\/vc_icon][\/vc_column][\/vc_row][vc_row unlock_row_content=&#8220;yes&#8220; row_height_percent=&#8220;50&#8243; override_padding=&#8220;yes&#8220; h_padding=&#8220;0&#8243; top_padding=&#8220;0&#8243; bottom_padding=&#8220;0&#8243; overlay_alpha=&#8220;50&#8243; equal_height=&#8220;yes&#8220; gutter_size=&#8220;0&#8243; shift_y=&#8220;0&#8243;][vc_column column_width_percent=&#8220;100&#8243; gutter_size=&#8220;0&#8243; overlay_alpha=&#8220;50&#8243; shift_x=&#8220;0&#8243; shift_y=&#8220;0&#8243; z_index=&#8220;0&#8243; medium_width=&#8220;0&#8243; mobile_width=&#8220;0&#8243; width=&#8220;1\/1&#8243;][vc_row_inner row_inner_height_percent=&#8220;50&#8243; back_color=&#8220;color-lxmt&#8220; overlay_alpha=&#8220;50&#8243; gutter_size=&#8220;3&#8243; shift_y=&#8220;0&#8243; z_index=&#8220;0&#8243; limit_content=&#8220;&#8220; uncode_shortcode_id=&#8220;147875&#8243; back_color_type=&#8220;uncode-palette&#8220;][vc_column_inner column_width_percent=&#8220;100&#8243; gutter_size=&#8220;2&#8243; override_padding=&#8220;yes&#8220; column_padding=&#8220;4&#8243; overlay_alpha=&#8220;50&#8243; shift_x=&#8220;0&#8243; shift_y=&#8220;0&#8243; shift_y_down=&#8220;0&#8243; z_index=&#8220;0&#8243; medium_width=&#8220;0&#8243; mobile_width=&#8220;0&#8243; width=&#8220;1\/1&#8243;][vc_custom_heading text_font=&#8220;font-762333&#8243; text_size=&#8220;h1&#8243; text_weight=&#8220;500&#8243; text_space=&#8220;fontspace-781688&#8243; uncode_shortcode_id=&#8220;143982&#8243;]The Elba Sunset Mallorca ****[\/vc_custom_heading][vc_column_text text_lead=&#8220;yes&#8220; uncode_shortcode_id=&#8220;208121&#8243;]Das warme Mittelmeerklima und <strong>die privilegierte Lage des Hotels<\/strong> f\u00fchren dazu, dass dies der perfekte Ort f\u00fcr ein Abendessen an der frischen Luft ist, umgeben von der Sch\u00f6nheit der Landschaft der Insel. Sie k\u00f6nnen aus zwei Bars und 2 Restaurants (saison) ausw\u00e4hlen, in denen Sie die fantastischen Gerichte der mediterranen K\u00fcche probieren k\u00f6nnen. <\/p>\n<p><strong>Das Hotelschwimmbad<\/strong> scheint auf dem Meer zu treiben und l\u00e4dt zum Genie\u00dfen unvergesslicher Momente ein. Wenn wir dem Rezept 300 Sonnentage im Jahr und Temperaturen von 27\u00ba im Sommer und 14\u00ba im Winter hinzuf\u00fcgen, ist Ihr Aufenthalt einfach SENSATIONELL! <\/p>\n<p>Das Hotel ist nur 20 Autominuten vom internationalen Flughafen von Palma, 20 km von der Hauptstadt und nur wenige Minuten vom Strand von Palmanova entfernt.[\/vc_column_text][\/vc_column_inner][\/vc_row_inner][\/vc_column][\/vc_row][vc_row unlock_row_content=&#8220;yes&#8220; row_height_percent=&#8220;0&#8243; override_padding=&#8220;yes&#8220; h_padding=&#8220;0&#8243; top_padding=&#8220;0&#8243; bottom_padding=&#8220;0&#8243; overlay_alpha=&#8220;0&#8243; gutter_size=&#8220;100&#8243; shift_y=&#8220;0&#8243; style=&#8220;inherited&#8220;][vc_column column_width_percent=&#8220;100&#8243; gutter_size=&#8220;3&#8243; overlay_alpha=&#8220;50&#8243; shift_x=&#8220;0&#8243; shift_y=&#8220;0&#8243; shift_y_down=&#8220;0&#8243; z_index=&#8220;0&#8243; medium_width=&#8220;0&#8243; mobile_width=&#8220;0&#8243; zoom_width=&#8220;0&#8243; zoom_height=&#8220;0&#8243; width=&#8220;1\/1&#8243; uncode_shortcode_id=&#8220;847376&#8243;][vc_gallery el_id=&#8220;gallery-43823&#8243; medias=&#8220;88479,88478,88477,88476,88475,88474,88473,88472,88471,88470,88469,88468,88467,88466,88465,88464,88463,88462,88461,88460,88459,88458,88457,88456,88455,88454,88453,88452,88451,88450,88449,88448&#8243; gallery_back_color=&#8220;color-wayh&#8220; gutter_size=&#8220;0&#8243; media_items=&#8220;media,icon&#8220; screen_lg=&#8220;1400&#8243; screen_md=&#8220;960&#8243; screen_sm=&#8220;480&#8243; single_width=&#8220;2&#8243; single_overlay_opacity=&#8220;50&#8243; single_h_align=&#8220;center&#8220; single_padding=&#8220;2&#8243; single_icon=&#8220;fa fa-plus2&#8243; single_border=&#8220;yes&#8220; single_css_animation=&#8220;bottom-t-top&#8220; single_animation_delay=&#8220;100&#8243; lbox_title=&#8220;yes&#8220; lbox_caption=&#8220;yes&#8220; lbox_social=&#8220;yes&#8220; lbox_deep=&#8220;yes&#8220; lbox_no_tmb=&#8220;yes&#8220; carousel_rtl=&#8220;&#8220; single_title_uppercase=&#8220;&#8220; single_title_serif=&#8220;&#8220; single_no_background=&#8220;&#8220; items=&#8220;e30=&#8220; uncode_shortcode_id=&#8220;202103&#8243; gallery_back_color_type=&#8220;uncode-palette&#8220;][\/vc_column][\/vc_row]<\/p>\n","protected":false},"excerpt":{"rendered":"<p>[vc_row unlock_row_content=&#8220;yes&#8220; row_height_percent=&#8220;95&#8243; override_padding=&#8220;yes&#8220; h_padding=&#8220;4&#8243; top_padding=&#8220;4&#8243; bottom_padding=&#8220;4&#8243; back_image=&#8220;88449&#8243; back_position=&#8220;center bottom&#8220; overlay_color=&#8220;color-jevc&#8220; overlay_alpha=&#8220;10&#8243; gutter_size=&#8220;3&#8243; column_width_percent=&#8220;100&#8243; shift_y=&#8220;0&#8243; z_index=&#8220;0&#8243; uncode_shortcode_id=&#8220;477467&#8243; overlay_color_type=&#8220;uncode-palette&#8220;][vc_column column_width_percent=&#8220;100&#8243; position_vertical=&#8220;bottom&#8220; [&hellip;]<\/p>\n","protected":false},"author":1,"featured_media":0,"parent":0,"menu_order":0,"comment_status":"closed","ping_status":"closed","template":"","meta":{"footnotes":""},"class_list":["post-88978","page","type-page","status-publish","hentry"],"yoast_head":"<!-- This site is optimized with the Yoast SEO plugin v19.10 - https:\/\/yoast.com\/wordpress\/plugins\/seo\/ -->\n<title>ELBA SUNSET MALLORCA - Professional Golf Academies<\/title>\n<meta name=\"robots\" content=\"index, follow, max-snippet:-1, max-image-preview:large, max-video-preview:-1\" \/>\n<link rel=\"canonical\" href=\"https:\/\/pg-academies.com\/de\/elba-sunset-mallorca\/\" \/>\n<meta property=\"og:locale\" content=\"de_DE\" \/>\n<meta property=\"og:type\" content=\"article\" \/>\n<meta property=\"og:title\" content=\"ELBA SUNSET MALLORCA - Professional Golf Academies\" \/>\n<meta property=\"og:description\" content=\"[vc_row unlock_row_content=&#8220;yes&#8220; row_height_percent=&#8220;95&#8243; override_padding=&#8220;yes&#8220; h_padding=&#8220;4&#8243; top_padding=&#8220;4&#8243; bottom_padding=&#8220;4&#8243; back_image=&#8220;88449&#8243; back_position=&#8220;center bottom&#8220; overlay_color=&#8220;color-jevc&#8220; overlay_alpha=&#8220;10&#8243; gutter_size=&#8220;3&#8243; column_width_percent=&#8220;100&#8243; shift_y=&#8220;0&#8243; z_index=&#8220;0&#8243; uncode_shortcode_id=&#8220;477467&#8243; overlay_color_type=&#8220;uncode-palette&#8220;][vc_column column_width_percent=&#8220;100&#8243; position_vertical=&#8220;bottom&#8220; [&hellip;]\" \/>\n<meta property=\"og:url\" content=\"https:\/\/pg-academies.com\/de\/elba-sunset-mallorca\/\" \/>\n<meta property=\"og:site_name\" content=\"Professional Golf Academies\" \/>\n<meta property=\"article:publisher\" content=\"https:\/\/www.facebook.com\/GermanGolfTours\/\" \/>\n<meta property=\"article:modified_time\" content=\"2022-03-21T10:09:04+00:00\" \/>\n<meta name=\"twitter:card\" content=\"summary_large_image\" \/>\n<script type=\"application\/ld+json\" class=\"yoast-schema-graph\">{\"@context\":\"https:\/\/schema.org\",\"@graph\":[{\"@type\":\"WebPage\",\"@id\":\"https:\/\/pg-academies.com\/de\/elba-sunset-mallorca\/\",\"url\":\"https:\/\/pg-academies.com\/de\/elba-sunset-mallorca\/\",\"name\":\"ELBA SUNSET MALLORCA - Professional Golf Academies\",\"isPartOf\":{\"@id\":\"https:\/\/pg-academies.com\/de\/#website\"},\"datePublished\":\"2022-02-08T10:59:43+00:00\",\"dateModified\":\"2022-03-21T10:09:04+00:00\",\"breadcrumb\":{\"@id\":\"https:\/\/pg-academies.com\/de\/elba-sunset-mallorca\/#breadcrumb\"},\"inLanguage\":\"de\",\"potentialAction\":[{\"@type\":\"ReadAction\",\"target\":[\"https:\/\/pg-academies.com\/de\/elba-sunset-mallorca\/\"]}]},{\"@type\":\"BreadcrumbList\",\"@id\":\"https:\/\/pg-academies.com\/de\/elba-sunset-mallorca\/#breadcrumb\",\"itemListElement\":[{\"@type\":\"ListItem\",\"position\":1,\"name\":\"Home\",\"item\":\"https:\/\/pg-academies.com\/de\/home\/\"},{\"@type\":\"ListItem\",\"position\":2,\"name\":\"ELBA SUNSET MALLORCA\"}]},{\"@type\":\"WebSite\",\"@id\":\"https:\/\/pg-academies.com\/de\/#website\",\"url\":\"https:\/\/pg-academies.com\/de\/\",\"name\":\"Professional Golf Academies\",\"description\":\"Kick it like we do!\",\"publisher\":{\"@id\":\"https:\/\/pg-academies.com\/de\/#organization\"},\"potentialAction\":[{\"@type\":\"SearchAction\",\"target\":{\"@type\":\"EntryPoint\",\"urlTemplate\":\"https:\/\/pg-academies.com\/de\/?s={search_term_string}\"},\"query-input\":\"required name=search_term_string\"}],\"inLanguage\":\"de\"},{\"@type\":\"Organization\",\"@id\":\"https:\/\/pg-academies.com\/de\/#organization\",\"name\":\"Professional Golf Academies\",\"url\":\"https:\/\/pg-academies.com\/de\/\",\"logo\":{\"@type\":\"ImageObject\",\"inLanguage\":\"de\",\"@id\":\"https:\/\/pg-academies.com\/de\/#\/schema\/logo\/image\/\",\"url\":\"https:\/\/pg-academies.com\/wp-content\/uploads\/2021\/08\/pg-academies-logo-full-black.svg\",\"contentUrl\":\"https:\/\/pg-academies.com\/wp-content\/uploads\/2021\/08\/pg-academies-logo-full-black.svg\",\"caption\":\"Professional Golf Academies\"},\"image\":{\"@id\":\"https:\/\/pg-academies.com\/de\/#\/schema\/logo\/image\/\"},\"sameAs\":[\"https:\/\/www.instagram.com\/germangolftours\/\",\"https:\/\/www.facebook.com\/GermanGolfTours\/\"]}]}<\/script>\n<!-- \/ Yoast SEO plugin. -->","yoast_head_json":{"title":"ELBA SUNSET MALLORCA - Professional Golf Academies","robots":{"index":"index","follow":"follow","max-snippet":"max-snippet:-1","max-image-preview":"max-image-preview:large","max-video-preview":"max-video-preview:-1"},"canonical":"https:\/\/pg-academies.com\/de\/elba-sunset-mallorca\/","og_locale":"de_DE","og_type":"article","og_title":"ELBA SUNSET MALLORCA - Professional Golf Academies","og_description":"[vc_row unlock_row_content=&#8220;yes&#8220; row_height_percent=&#8220;95&#8243; override_padding=&#8220;yes&#8220; h_padding=&#8220;4&#8243; top_padding=&#8220;4&#8243; bottom_padding=&#8220;4&#8243; back_image=&#8220;88449&#8243; back_position=&#8220;center bottom&#8220; overlay_color=&#8220;color-jevc&#8220; overlay_alpha=&#8220;10&#8243; gutter_size=&#8220;3&#8243; column_width_percent=&#8220;100&#8243; shift_y=&#8220;0&#8243; z_index=&#8220;0&#8243; uncode_shortcode_id=&#8220;477467&#8243; overlay_color_type=&#8220;uncode-palette&#8220;][vc_column column_width_percent=&#8220;100&#8243; position_vertical=&#8220;bottom&#8220; [&hellip;]","og_url":"https:\/\/pg-academies.com\/de\/elba-sunset-mallorca\/","og_site_name":"Professional Golf Academies","article_publisher":"https:\/\/www.facebook.com\/GermanGolfTours\/","article_modified_time":"2022-03-21T10:09:04+00:00","twitter_card":"summary_large_image","schema":{"@context":"https:\/\/schema.org","@graph":[{"@type":"WebPage","@id":"https:\/\/pg-academies.com\/de\/elba-sunset-mallorca\/","url":"https:\/\/pg-academies.com\/de\/elba-sunset-mallorca\/","name":"ELBA SUNSET MALLORCA - Professional Golf Academies","isPartOf":{"@id":"https:\/\/pg-academies.com\/de\/#website"},"datePublished":"2022-02-08T10:59:43+00:00","dateModified":"2022-03-21T10:09:04+00:00","breadcrumb":{"@id":"https:\/\/pg-academies.com\/de\/elba-sunset-mallorca\/#breadcrumb"},"inLanguage":"de","potentialAction":[{"@type":"ReadAction","target":["https:\/\/pg-academies.com\/de\/elba-sunset-mallorca\/"]}]},{"@type":"BreadcrumbList","@id":"https:\/\/pg-academies.com\/de\/elba-sunset-mallorca\/#breadcrumb","itemListElement":[{"@type":"ListItem","position":1,"name":"Home","item":"https:\/\/pg-academies.com\/de\/home\/"},{"@type":"ListItem","position":2,"name":"ELBA SUNSET MALLORCA"}]},{"@type":"WebSite","@id":"https:\/\/pg-academies.com\/de\/#website","url":"https:\/\/pg-academies.com\/de\/","name":"Professional Golf Academies","description":"Kick it like we do!","publisher":{"@id":"https:\/\/pg-academies.com\/de\/#organization"},"potentialAction":[{"@type":"SearchAction","target":{"@type":"EntryPoint","urlTemplate":"https:\/\/pg-academies.com\/de\/?s={search_term_string}"},"query-input":"required name=search_term_string"}],"inLanguage":"de"},{"@type":"Organization","@id":"https:\/\/pg-academies.com\/de\/#organization","name":"Professional Golf Academies","url":"https:\/\/pg-academies.com\/de\/","logo":{"@type":"ImageObject","inLanguage":"de","@id":"https:\/\/pg-academies.com\/de\/#\/schema\/logo\/image\/","url":"https:\/\/pg-academies.com\/wp-content\/uploads\/2021\/08\/pg-academies-logo-full-black.svg","contentUrl":"https:\/\/pg-academies.com\/wp-content\/uploads\/2021\/08\/pg-academies-logo-full-black.svg","caption":"Professional Golf Academies"},"image":{"@id":"https:\/\/pg-academies.com\/de\/#\/schema\/logo\/image\/"},"sameAs":["https:\/\/www.instagram.com\/germangolftours\/","https:\/\/www.facebook.com\/GermanGolfTours\/"]}]}},"_links":{"self":[{"href":"https:\/\/pg-academies.com\/de\/wp-json\/wp\/v2\/pages\/88978","targetHints":{"allow":["GET"]}}],"collection":[{"href":"https:\/\/pg-academies.com\/de\/wp-json\/wp\/v2\/pages"}],"about":[{"href":"https:\/\/pg-academies.com\/de\/wp-json\/wp\/v2\/types\/page"}],"author":[{"embeddable":true,"href":"https:\/\/pg-academies.com\/de\/wp-json\/wp\/v2\/users\/1"}],"replies":[{"embeddable":true,"href":"https:\/\/pg-academies.com\/de\/wp-json\/wp\/v2\/comments?post=88978"}],"version-history":[{"count":3,"href":"https:\/\/pg-academies.com\/de\/wp-json\/wp\/v2\/pages\/88978\/revisions"}],"predecessor-version":[{"id":89339,"href":"https:\/\/pg-academies.com\/de\/wp-json\/wp\/v2\/pages\/88978\/revisions\/89339"}],"wp:attachment":[{"href":"https:\/\/pg-academies.com\/de\/wp-json\/wp\/v2\/media?parent=88978"}],"curies":[{"name":"wp","href":"https:\/\/api.w.org\/{rel}","templated":true}]}}