{"id":88983,"date":"2021-08-27T12:21:04","date_gmt":"2021-08-27T11:21:04","guid":{"rendered":"https:\/\/graham.twentyfirst.media\/kids-bronze\/"},"modified":"2022-03-08T13:45:09","modified_gmt":"2022-03-08T13:45:09","slug":"kids-bronze","status":"publish","type":"page","link":"https:\/\/pg-academies.com\/de\/kids-bronze\/","title":{"rendered":"Kids Bronze-Kurs"},"content":{"rendered":"<p>[vc_row unlock_row_content=&#8220;yes&#8220; row_height_percent=&#8220;15&#8243; override_padding=&#8220;yes&#8220; h_padding=&#8220;4&#8243; top_padding=&#8220;4&#8243; bottom_padding=&#8220;4&#8243; back_color=&#8220;color-golf&#8220; overlay_color=&#8220;color-jevc&#8220; overlay_alpha=&#8220;40&#8243; gutter_size=&#8220;3&#8243; column_width_percent=&#8220;100&#8243; shift_y=&#8220;0&#8243; z_index=&#8220;0&#8243; uncode_shortcode_id=&#8220;143760&#8243; overlay_color_type=&#8220;uncode-palette&#8220; back_color_type=&#8220;uncode-palette&#8220;][vc_column column_width_percent=&#8220;100&#8243; position_vertical=&#8220;bottom&#8220; gutter_size=&#8220;0&#8243; style=&#8220;dark&#8220; overlay_alpha=&#8220;50&#8243; shift_x=&#8220;0&#8243; shift_y=&#8220;0&#8243; shift_y_down=&#8220;0&#8243; z_index=&#8220;0&#8243; medium_width=&#8220;0&#8243; mobile_width=&#8220;0&#8243; width=&#8220;1\/1&#8243; uncode_shortcode_id=&#8220;507553&#8243;][vc_custom_heading text_color=&#8220;color-xsdn&#8220; heading_semantic=&#8220;h1&#8243; text_font=&#8220;font-762333&#8243; text_size=&#8220;fontsize-338686&#8243; text_weight=&#8220;700&#8243; text_space=&#8220;fontspace-781688&#8243; sub_lead=&#8220;yes&#8220; sub_reduced=&#8220;yes&#8220; uncode_shortcode_id=&#8220;170568&#8243; text_color_type=&#8220;uncode-palette&#8220; subheading=&#8220;5 Tage Golfschule f\u00fcr Kinder von 5 bis 12 Jahren&#8220;]Kids Bronze-Kurs[\/vc_custom_heading][\/vc_column][\/vc_row][vc_row unlock_row_content=&#8220;yes&#8220; row_height_percent=&#8220;50&#8243; override_padding=&#8220;yes&#8220; h_padding=&#8220;0&#8243; top_padding=&#8220;0&#8243; bottom_padding=&#8220;0&#8243; overlay_alpha=&#8220;50&#8243; equal_height=&#8220;yes&#8220; gutter_size=&#8220;0&#8243; column_width_percent=&#8220;100&#8243; shift_y=&#8220;0&#8243; z_index=&#8220;0&#8243; uncode_shortcode_id=&#8220;947978&#8243; row_height_pixel=&#8220;300&#8243;][vc_column column_width_percent=&#8220;100&#8243; position_vertical=&#8220;middle&#8220; gutter_size=&#8220;2&#8243; override_padding=&#8220;yes&#8220; column_padding=&#8220;4&#8243; back_color=&#8220;color-lxmt&#8220; overlay_alpha=&#8220;40&#8243; shift_x=&#8220;0&#8243; shift_y=&#8220;0&#8243; shift_y_down=&#8220;0&#8243; z_index=&#8220;0&#8243; medium_width=&#8220;0&#8243; mobile_width=&#8220;0&#8243; width=&#8220;1\/4&#8243; mobile_height=&#8220;300&#8243; uncode_shortcode_id=&#8220;933619&#8243; back_color_type=&#8220;uncode-palette&#8220;][vc_icon icon=&#8220;fa fa-tools&#8220; icon_image=&#8220;87905&#8243; media_size=&#8220;25&#8243; text_font=&#8220;font-762333&#8243; text_size=&#8220;h2&#8243; text_weight=&#8220;500&#8243; text_space=&#8220;fontspace-781688&#8243; text_lead=&#8220;yes&#8220; align=&#8220;left&#8220; title=&#8220;Golf f\u00fcr Kids&#8220; uncode_shortcode_id=&#8220;719693&#8243;]Wir garantieren eine professionelle Auswahl von Golfpl\u00e4tzen und zertifizierten Golf Pro&#8217;s f\u00fcr Jung &amp; Alt![\/vc_icon][\/vc_column][vc_column column_width_percent=&#8220;100&#8243; gutter_size=&#8220;2&#8243; override_padding=&#8220;yes&#8220; column_padding=&#8220;4&#8243; back_color=&#8220;color-lxmt&#8220; back_image=&#8220;89079&#8243; overlay_alpha=&#8220;50&#8243; shift_x=&#8220;0&#8243; shift_y=&#8220;0&#8243; shift_y_down=&#8220;0&#8243; z_index=&#8220;0&#8243; medium_width=&#8220;0&#8243; mobile_width=&#8220;0&#8243; width=&#8220;1\/4&#8243; uncode_shortcode_id=&#8220;131112&#8243; back_color_type=&#8220;uncode-palette&#8220;][vc_empty_space empty_h=&#8220;5&#8243;][\/vc_column][vc_column width=&#8220;1\/2&#8243;][vc_row_inner row_inner_height_percent=&#8220;50&#8243; back_color=&#8220;color-lxmt&#8220; overlay_alpha=&#8220;50&#8243; gutter_size=&#8220;3&#8243; shift_y=&#8220;0&#8243; z_index=&#8220;0&#8243; limit_content=&#8220;&#8220; uncode_shortcode_id=&#8220;789599&#8243; back_color_type=&#8220;uncode-palette&#8220;][vc_column_inner column_width_percent=&#8220;100&#8243; gutter_size=&#8220;2&#8243; override_padding=&#8220;yes&#8220; column_padding=&#8220;3&#8243; overlay_alpha=&#8220;50&#8243; shift_x=&#8220;0&#8243; shift_y=&#8220;0&#8243; shift_y_down=&#8220;0&#8243; z_index=&#8220;0&#8243; medium_width=&#8220;0&#8243; mobile_width=&#8220;0&#8243; width=&#8220;1\/1&#8243; uncode_shortcode_id=&#8220;154144&#8243;][vc_custom_heading text_font=&#8220;font-762333&#8243; text_size=&#8220;h1&#8243; text_weight=&#8220;500&#8243; text_space=&#8220;fontspace-781688&#8243; uncode_shortcode_id=&#8220;142058&#8243;]Leistungen und Preise[\/vc_custom_heading][uncode_list icon=&#8220;fa fa-arrow-right&#8220; uncode_shortcode_id=&#8220;830489&#8243;]<\/p>\n<ul>\n<li>Vorstellung des Golfsports<\/li>\n<li>Putting &amp; Chipping anhand von spa\u00dfigen Spielen und Tests<\/li>\n<li>Pitching &amp; Bunker anhang von lustigen Aufgaben &amp; Spielen<\/li>\n<li>Allgemeine Fitnessspiele &amp; -aufgaben<\/li>\n<li>Sicherheit auf dem Platz mit grundlegenden Regeln &amp; Etikette<\/li>\n<li>Spiel auf dem Platz<\/li>\n<li>Professional Golf Academies Bronze-Zertifikat und Ausweis<\/li>\n<\/ul>\n<p>[\/uncode_list][vc_column_text text_lead=&#8220;yes&#8220; uncode_shortcode_id=&#8220;128172&#8243;]<em>Dauer: 3 Std. \/ Tag, passende Ausr\u00fcstung wird bereitgestellt<\/em><br \/>\n<em>inklusive Rangefee, Golfb\u00e4lle, Getr\u00e4nke und Snacks<\/em>[\/vc_column_text][vc_column_text text_lead=&#8220;yes&#8220; uncode_shortcode_id=&#8220;382101&#8243;]<\/p>\n<p style=\"text-align: left;\">Preise <b>auf Anfrage<\/b><\/p>\n<p>[\/vc_column_text][vc_button size=&#8220;btn-lg&#8220; border_animation=&#8220;btn-ripple-out&#8220; shadow=&#8220;yes&#8220; border_width=&#8220;0&#8243; link=&#8220;url:%2Fcontact%2F&#8220; uncode_shortcode_id=&#8220;183848&#8243; icon=&#8220;fa fa-calendar-plus-o&#8220; width=&#8220;200&#8243;]ANGEBOT ANFORDERN \/ BUCHEN[\/vc_button][\/vc_column_inner][\/vc_row_inner][\/vc_column][\/vc_row][vc_row unlock_row_content=&#8220;yes&#8220; row_height_percent=&#8220;0&#8243; override_padding=&#8220;yes&#8220; h_padding=&#8220;0&#8243; top_padding=&#8220;0&#8243; bottom_padding=&#8220;0&#8243; overlay_alpha=&#8220;50&#8243; equal_height=&#8220;yes&#8220; gutter_size=&#8220;0&#8243; column_width_percent=&#8220;100&#8243; shift_y=&#8220;0&#8243; z_index=&#8220;0&#8243; uncode_shortcode_id=&#8220;113738&#8243;][vc_column column_width_percent=&#8220;100&#8243; gutter_size=&#8220;2&#8243; override_padding=&#8220;yes&#8220; column_padding=&#8220;4&#8243; overlay_alpha=&#8220;50&#8243; shift_x=&#8220;0&#8243; shift_y=&#8220;0&#8243; shift_y_down=&#8220;0&#8243; z_index=&#8220;0&#8243; medium_width=&#8220;0&#8243; mobile_width=&#8220;0&#8243; width=&#8220;1\/1&#8243; uncode_shortcode_id=&#8220;938873&#8243;][vc_column_text text_lead=&#8220;yes&#8220; uncode_shortcode_id=&#8220;131840&#8243; el_class=&#8220;hotel-details&#8220;]<\/p>\n<table>\n<tbody>\n<tr>\n<td width=\"20%\"><b>Dauer: 3 Std. \/ Tag<\/b><\/td>\n<td width=\"50%\">Unser Ziel ist es, dass die Kinder beim Spielen und Lernen auf dem Golfplatz soviel Spa\u00df wie m\u00f6glich haben und ihre Zeit in der Golfschule genie\u00dfen k\u00f6nnen! Unsere qualifizierten Golf Pro&#8217;s haben Erfahrung mit Golfunterricht f\u00fcr Jung &amp; Alt und sind in der Lage ein sicheres Umfeld auf dem Golfplatz zu geben.<\/td>\n<\/tr>\n<\/tbody>\n<\/table>\n<p>[\/vc_column_text][\/vc_column][\/vc_row][vc_row unlock_row_content=&#8220;yes&#8220; row_height_percent=&#8220;0&#8243; override_padding=&#8220;yes&#8220; h_padding=&#8220;0&#8243; top_padding=&#8220;0&#8243; bottom_padding=&#8220;0&#8243; back_color=&#8220;color-wayh&#8220; overlay_alpha=&#8220;0&#8243; gutter_size=&#8220;100&#8243; column_width_percent=&#8220;100&#8243; shift_y=&#8220;0&#8243; z_index=&#8220;0&#8243; style=&#8220;inherited&#8220; uncode_shortcode_id=&#8220;199019&#8243; back_color_type=&#8220;uncode-palette&#8220;][vc_column column_width_percent=&#8220;100&#8243; gutter_size=&#8220;3&#8243; overlay_alpha=&#8220;50&#8243; shift_x=&#8220;0&#8243; shift_y=&#8220;0&#8243; medium_width=&#8220;0&#8243; zoom_width=&#8220;0&#8243; zoom_height=&#8220;0&#8243; width=&#8220;1\/1&#8243;][vc_gallery el_id=&#8220;gallery-43823&#8243; isotope_mode=&#8220;packery&#8220; random=&#8220;yes&#8220; medias=&#8220;89137,89135,89127,89079,89061,89033,89043,89111,89097,89141&#8243; gutter_size=&#8220;0&#8243; media_items=&#8220;media,icon&#8220; screen_lg=&#8220;1400&#8243; screen_md=&#8220;960&#8243; screen_sm=&#8220;480&#8243; single_width=&#8220;2&#8243; single_overlay_opacity=&#8220;50&#8243; single_h_align=&#8220;center&#8220; single_padding=&#8220;2&#8243; single_icon=&#8220;fa fa-plus2&#8243; single_border=&#8220;yes&#8220; single_css_animation=&#8220;bottom-t-top&#8220; single_animation_delay=&#8220;100&#8243; lbox_title=&#8220;yes&#8220; lbox_caption=&#8220;yes&#8220; lbox_social=&#8220;yes&#8220; lbox_deep=&#8220;yes&#8220; lbox_no_tmb=&#8220;yes&#8220; carousel_rtl=&#8220;&#8220; single_title_uppercase=&#8220;&#8220; single_title_serif=&#8220;&#8220; single_no_background=&#8220;&#8220; items=&#8220;e30=&#8220; uncode_shortcode_id=&#8220;119712&#8243;][\/vc_column][\/vc_row]<\/p>\n","protected":false},"excerpt":{"rendered":"<p>[vc_row unlock_row_content=&#8220;yes&#8220; row_height_percent=&#8220;15&#8243; override_padding=&#8220;yes&#8220; h_padding=&#8220;4&#8243; top_padding=&#8220;4&#8243; bottom_padding=&#8220;4&#8243; back_color=&#8220;color-golf&#8220; overlay_color=&#8220;color-jevc&#8220; overlay_alpha=&#8220;40&#8243; gutter_size=&#8220;3&#8243; column_width_percent=&#8220;100&#8243; shift_y=&#8220;0&#8243; z_index=&#8220;0&#8243; uncode_shortcode_id=&#8220;143760&#8243; overlay_color_type=&#8220;uncode-palette&#8220; back_color_type=&#8220;uncode-palette&#8220;][vc_column column_width_percent=&#8220;100&#8243; position_vertical=&#8220;bottom&#8220; gutter_size=&#8220;0&#8243; [&hellip;]<\/p>\n","protected":false},"author":1,"featured_media":0,"parent":0,"menu_order":0,"comment_status":"closed","ping_status":"closed","template":"","meta":{"footnotes":""},"class_list":["post-88983","page","type-page","status-publish","hentry"],"yoast_head":"<!-- This site is optimized with the Yoast SEO plugin v19.10 - https:\/\/yoast.com\/wordpress\/plugins\/seo\/ -->\n<title>Kids Bronze-Kurs - Professional Golf Academies<\/title>\n<meta name=\"robots\" content=\"index, follow, max-snippet:-1, max-image-preview:large, max-video-preview:-1\" \/>\n<link rel=\"canonical\" href=\"https:\/\/pg-academies.com\/de\/kids-bronze\/\" \/>\n<meta property=\"og:locale\" content=\"de_DE\" \/>\n<meta property=\"og:type\" content=\"article\" \/>\n<meta property=\"og:title\" content=\"Kids Bronze-Kurs - Professional Golf Academies\" \/>\n<meta property=\"og:description\" content=\"[vc_row unlock_row_content=&#8220;yes&#8220; row_height_percent=&#8220;15&#8243; override_padding=&#8220;yes&#8220; h_padding=&#8220;4&#8243; top_padding=&#8220;4&#8243; bottom_padding=&#8220;4&#8243; back_color=&#8220;color-golf&#8220; overlay_color=&#8220;color-jevc&#8220; overlay_alpha=&#8220;40&#8243; gutter_size=&#8220;3&#8243; column_width_percent=&#8220;100&#8243; shift_y=&#8220;0&#8243; z_index=&#8220;0&#8243; uncode_shortcode_id=&#8220;143760&#8243; overlay_color_type=&#8220;uncode-palette&#8220; back_color_type=&#8220;uncode-palette&#8220;][vc_column column_width_percent=&#8220;100&#8243; position_vertical=&#8220;bottom&#8220; gutter_size=&#8220;0&#8243; [&hellip;]\" \/>\n<meta property=\"og:url\" content=\"https:\/\/pg-academies.com\/de\/kids-bronze\/\" \/>\n<meta property=\"og:site_name\" content=\"Professional Golf Academies\" \/>\n<meta property=\"article:publisher\" content=\"https:\/\/www.facebook.com\/GermanGolfTours\/\" \/>\n<meta property=\"article:modified_time\" content=\"2022-03-08T13:45:09+00:00\" \/>\n<meta name=\"twitter:card\" content=\"summary_large_image\" \/>\n<script type=\"application\/ld+json\" class=\"yoast-schema-graph\">{\"@context\":\"https:\/\/schema.org\",\"@graph\":[{\"@type\":\"WebPage\",\"@id\":\"https:\/\/pg-academies.com\/de\/kids-bronze\/\",\"url\":\"https:\/\/pg-academies.com\/de\/kids-bronze\/\",\"name\":\"Kids Bronze-Kurs - Professional Golf Academies\",\"isPartOf\":{\"@id\":\"https:\/\/pg-academies.com\/de\/#website\"},\"datePublished\":\"2021-08-27T11:21:04+00:00\",\"dateModified\":\"2022-03-08T13:45:09+00:00\",\"breadcrumb\":{\"@id\":\"https:\/\/pg-academies.com\/de\/kids-bronze\/#breadcrumb\"},\"inLanguage\":\"de\",\"potentialAction\":[{\"@type\":\"ReadAction\",\"target\":[\"https:\/\/pg-academies.com\/de\/kids-bronze\/\"]}]},{\"@type\":\"BreadcrumbList\",\"@id\":\"https:\/\/pg-academies.com\/de\/kids-bronze\/#breadcrumb\",\"itemListElement\":[{\"@type\":\"ListItem\",\"position\":1,\"name\":\"Home\",\"item\":\"https:\/\/pg-academies.com\/de\/home\/\"},{\"@type\":\"ListItem\",\"position\":2,\"name\":\"Kids Bronze-Kurs\"}]},{\"@type\":\"WebSite\",\"@id\":\"https:\/\/pg-academies.com\/de\/#website\",\"url\":\"https:\/\/pg-academies.com\/de\/\",\"name\":\"Professional Golf Academies\",\"description\":\"Kick it like we do!\",\"publisher\":{\"@id\":\"https:\/\/pg-academies.com\/de\/#organization\"},\"potentialAction\":[{\"@type\":\"SearchAction\",\"target\":{\"@type\":\"EntryPoint\",\"urlTemplate\":\"https:\/\/pg-academies.com\/de\/?s={search_term_string}\"},\"query-input\":\"required name=search_term_string\"}],\"inLanguage\":\"de\"},{\"@type\":\"Organization\",\"@id\":\"https:\/\/pg-academies.com\/de\/#organization\",\"name\":\"Professional Golf Academies\",\"url\":\"https:\/\/pg-academies.com\/de\/\",\"logo\":{\"@type\":\"ImageObject\",\"inLanguage\":\"de\",\"@id\":\"https:\/\/pg-academies.com\/de\/#\/schema\/logo\/image\/\",\"url\":\"https:\/\/pg-academies.com\/wp-content\/uploads\/2021\/08\/pg-academies-logo-full-black.svg\",\"contentUrl\":\"https:\/\/pg-academies.com\/wp-content\/uploads\/2021\/08\/pg-academies-logo-full-black.svg\",\"caption\":\"Professional Golf Academies\"},\"image\":{\"@id\":\"https:\/\/pg-academies.com\/de\/#\/schema\/logo\/image\/\"},\"sameAs\":[\"https:\/\/www.instagram.com\/germangolftours\/\",\"https:\/\/www.facebook.com\/GermanGolfTours\/\"]}]}<\/script>\n<!-- \/ Yoast SEO plugin. -->","yoast_head_json":{"title":"Kids Bronze-Kurs - Professional Golf Academies","robots":{"index":"index","follow":"follow","max-snippet":"max-snippet:-1","max-image-preview":"max-image-preview:large","max-video-preview":"max-video-preview:-1"},"canonical":"https:\/\/pg-academies.com\/de\/kids-bronze\/","og_locale":"de_DE","og_type":"article","og_title":"Kids Bronze-Kurs - Professional Golf Academies","og_description":"[vc_row unlock_row_content=&#8220;yes&#8220; row_height_percent=&#8220;15&#8243; override_padding=&#8220;yes&#8220; h_padding=&#8220;4&#8243; top_padding=&#8220;4&#8243; bottom_padding=&#8220;4&#8243; back_color=&#8220;color-golf&#8220; overlay_color=&#8220;color-jevc&#8220; overlay_alpha=&#8220;40&#8243; gutter_size=&#8220;3&#8243; column_width_percent=&#8220;100&#8243; shift_y=&#8220;0&#8243; z_index=&#8220;0&#8243; uncode_shortcode_id=&#8220;143760&#8243; overlay_color_type=&#8220;uncode-palette&#8220; back_color_type=&#8220;uncode-palette&#8220;][vc_column column_width_percent=&#8220;100&#8243; position_vertical=&#8220;bottom&#8220; gutter_size=&#8220;0&#8243; [&hellip;]","og_url":"https:\/\/pg-academies.com\/de\/kids-bronze\/","og_site_name":"Professional Golf Academies","article_publisher":"https:\/\/www.facebook.com\/GermanGolfTours\/","article_modified_time":"2022-03-08T13:45:09+00:00","twitter_card":"summary_large_image","schema":{"@context":"https:\/\/schema.org","@graph":[{"@type":"WebPage","@id":"https:\/\/pg-academies.com\/de\/kids-bronze\/","url":"https:\/\/pg-academies.com\/de\/kids-bronze\/","name":"Kids Bronze-Kurs - Professional Golf Academies","isPartOf":{"@id":"https:\/\/pg-academies.com\/de\/#website"},"datePublished":"2021-08-27T11:21:04+00:00","dateModified":"2022-03-08T13:45:09+00:00","breadcrumb":{"@id":"https:\/\/pg-academies.com\/de\/kids-bronze\/#breadcrumb"},"inLanguage":"de","potentialAction":[{"@type":"ReadAction","target":["https:\/\/pg-academies.com\/de\/kids-bronze\/"]}]},{"@type":"BreadcrumbList","@id":"https:\/\/pg-academies.com\/de\/kids-bronze\/#breadcrumb","itemListElement":[{"@type":"ListItem","position":1,"name":"Home","item":"https:\/\/pg-academies.com\/de\/home\/"},{"@type":"ListItem","position":2,"name":"Kids Bronze-Kurs"}]},{"@type":"WebSite","@id":"https:\/\/pg-academies.com\/de\/#website","url":"https:\/\/pg-academies.com\/de\/","name":"Professional Golf Academies","description":"Kick it like we do!","publisher":{"@id":"https:\/\/pg-academies.com\/de\/#organization"},"potentialAction":[{"@type":"SearchAction","target":{"@type":"EntryPoint","urlTemplate":"https:\/\/pg-academies.com\/de\/?s={search_term_string}"},"query-input":"required name=search_term_string"}],"inLanguage":"de"},{"@type":"Organization","@id":"https:\/\/pg-academies.com\/de\/#organization","name":"Professional Golf Academies","url":"https:\/\/pg-academies.com\/de\/","logo":{"@type":"ImageObject","inLanguage":"de","@id":"https:\/\/pg-academies.com\/de\/#\/schema\/logo\/image\/","url":"https:\/\/pg-academies.com\/wp-content\/uploads\/2021\/08\/pg-academies-logo-full-black.svg","contentUrl":"https:\/\/pg-academies.com\/wp-content\/uploads\/2021\/08\/pg-academies-logo-full-black.svg","caption":"Professional Golf Academies"},"image":{"@id":"https:\/\/pg-academies.com\/de\/#\/schema\/logo\/image\/"},"sameAs":["https:\/\/www.instagram.com\/germangolftours\/","https:\/\/www.facebook.com\/GermanGolfTours\/"]}]}},"_links":{"self":[{"href":"https:\/\/pg-academies.com\/de\/wp-json\/wp\/v2\/pages\/88983","targetHints":{"allow":["GET"]}}],"collection":[{"href":"https:\/\/pg-academies.com\/de\/wp-json\/wp\/v2\/pages"}],"about":[{"href":"https:\/\/pg-academies.com\/de\/wp-json\/wp\/v2\/types\/page"}],"author":[{"embeddable":true,"href":"https:\/\/pg-academies.com\/de\/wp-json\/wp\/v2\/users\/1"}],"replies":[{"embeddable":true,"href":"https:\/\/pg-academies.com\/de\/wp-json\/wp\/v2\/comments?post=88983"}],"version-history":[{"count":5,"href":"https:\/\/pg-academies.com\/de\/wp-json\/wp\/v2\/pages\/88983\/revisions"}],"predecessor-version":[{"id":89305,"href":"https:\/\/pg-academies.com\/de\/wp-json\/wp\/v2\/pages\/88983\/revisions\/89305"}],"wp:attachment":[{"href":"https:\/\/pg-academies.com\/de\/wp-json\/wp\/v2\/media?parent=88983"}],"curies":[{"name":"wp","href":"https:\/\/api.w.org\/{rel}","templated":true}]}}