{"id":88988,"date":"2021-08-18T11:18:33","date_gmt":"2021-08-18T10:18:33","guid":{"rendered":"https:\/\/graham.twentyfirst.media\/elba-estepona\/"},"modified":"2022-03-21T10:10:10","modified_gmt":"2022-03-21T10:10:10","slug":"elba-estepona","status":"publish","type":"page","link":"https:\/\/pg-academies.com\/de\/elba-estepona\/","title":{"rendered":"ELBA ESTEPONA"},"content":{"rendered":"<p>[vc_row unlock_row_content=&#8220;yes&#8220; row_height_percent=&#8220;95&#8243; override_padding=&#8220;yes&#8220; h_padding=&#8220;4&#8243; top_padding=&#8220;4&#8243; bottom_padding=&#8220;4&#8243; back_image=&#8220;87927&#8243; back_position=&#8220;center bottom&#8220; overlay_color=&#8220;color-jevc&#8220; overlay_alpha=&#8220;40&#8243; gutter_size=&#8220;3&#8243; column_width_percent=&#8220;100&#8243; shift_y=&#8220;0&#8243; z_index=&#8220;0&#8243; uncode_shortcode_id=&#8220;711337&#8243; overlay_color_type=&#8220;uncode-palette&#8220;][vc_column column_width_percent=&#8220;100&#8243; position_vertical=&#8220;bottom&#8220; gutter_size=&#8220;0&#8243; overlay_alpha=&#8220;50&#8243; shift_x=&#8220;0&#8243; shift_y=&#8220;0&#8243; shift_y_down=&#8220;0&#8243; z_index=&#8220;0&#8243; medium_width=&#8220;0&#8243; mobile_width=&#8220;0&#8243; width=&#8220;1\/1&#8243; uncode_shortcode_id=&#8220;416823&#8243;][vc_custom_heading auto_text=&#8220;yes&#8220; text_color=&#8220;color-xsdn&#8220; heading_semantic=&#8220;h1&#8243; text_font=&#8220;font-762333&#8243; text_size=&#8220;fontsize-338686&#8243; text_weight=&#8220;700&#8243; text_space=&#8220;fontspace-781688&#8243; uncode_shortcode_id=&#8220;776288&#8243; text_color_type=&#8220;uncode-palette&#8220;]Elba Estepona[\/vc_custom_heading][vc_custom_heading text_color=&#8220;color-xsdn&#8220; heading_semantic=&#8220;h1&#8243; text_font=&#8220;font-762333&#8243; text_size=&#8220;fontsize-155944&#8243; text_weight=&#8220;500&#8243; text_space=&#8220;fontspace-781688&#8243; uncode_shortcode_id=&#8220;763416&#8243; text_color_type=&#8220;uncode-palette&#8220;]****[\/vc_custom_heading][\/vc_column][\/vc_row][vc_row unlock_row_content=&#8220;yes&#8220; row_height_percent=&#8220;50&#8243; override_padding=&#8220;yes&#8220; h_padding=&#8220;0&#8243; top_padding=&#8220;0&#8243; bottom_padding=&#8220;0&#8243; overlay_alpha=&#8220;50&#8243; equal_height=&#8220;yes&#8220; gutter_size=&#8220;0&#8243; column_width_percent=&#8220;100&#8243; shift_y=&#8220;0&#8243; z_index=&#8220;0&#8243; uncode_shortcode_id=&#8220;513466&#8243;][vc_column column_width_percent=&#8220;100&#8243; position_vertical=&#8220;middle&#8220; align_horizontal=&#8220;align_center&#8220; gutter_size=&#8220;0&#8243; overlay_color=&#8220;color-nhtu&#8220; overlay_alpha=&#8220;40&#8243; shift_x=&#8220;0&#8243; shift_y=&#8220;0&#8243; shift_y_down=&#8220;0&#8243; z_index=&#8220;0&#8243; medium_width=&#8220;0&#8243; mobile_width=&#8220;0&#8243; width=&#8220;1\/2&#8243; mobile_height=&#8220;300&#8243; uncode_shortcode_id=&#8220;770570&#8243; overlay_color_type=&#8220;uncode-palette&#8220;][vc_row_inner row_inner_height_percent=&#8220;100&#8243; overlay_alpha=&#8220;50&#8243; equal_height=&#8220;yes&#8220; gutter_size=&#8220;0&#8243; shift_y=&#8220;0&#8243; z_index=&#8220;0&#8243; limit_content=&#8220;&#8220; uncode_shortcode_id=&#8220;201640&#8243;][vc_column_inner column_width_percent=&#8220;100&#8243; gutter_size=&#8220;0&#8243; override_padding=&#8220;yes&#8220; column_padding=&#8220;4&#8243; back_color=&#8220;color-lxmt&#8220; overlay_alpha=&#8220;50&#8243; shift_x=&#8220;0&#8243; shift_y=&#8220;0&#8243; shift_y_down=&#8220;0&#8243; z_index=&#8220;0&#8243; medium_width=&#8220;4&#8243; mobile_width=&#8220;0&#8243; width=&#8220;1\/2&#8243; uncode_shortcode_id=&#8220;164453&#8243; back_color_type=&#8220;uncode-palette&#8220;][vc_icon icon=&#8220;fa fa-tools&#8220; icon_image=&#8220;87905&#8243; media_size=&#8220;25&#8243; text_font=&#8220;font-762333&#8243; text_size=&#8220;h2&#8243; text_weight=&#8220;500&#8243; text_space=&#8220;fontspace-781688&#8243; align=&#8220;left&#8220; title=&#8220;PRO-TIPP&#8220; uncode_shortcode_id=&#8220;865129&#8243;]Mit mehr als 35 Golfpl\u00e4tzen in einem Umkreis von 40 km mit dem Auto, verspricht das <a href=\"http:\/\/www.hoteleselba.com\/de\/hotel-elba-estepona\/\" target=\"_blank\" rel=\"noopener\">Elba Estepona<\/a> eine Vielzahl ma\u00dfgeschneiderter Golfreisen f\u00fcr jedermann.<\/p>\n<p>&nbsp;<\/p>\n<p>[\/vc_icon][\/vc_column_inner][vc_column_inner column_width_percent=&#8220;100&#8243; gutter_size=&#8220;3&#8243; override_padding=&#8220;yes&#8220; column_padding=&#8220;4&#8243; back_color=&#8220;color-lxmt&#8220; back_image=&#8220;88605&#8243; back_position=&#8220;center top&#8220; overlay_alpha=&#8220;50&#8243; shift_x=&#8220;0&#8243; shift_y=&#8220;0&#8243; shift_y_down=&#8220;0&#8243; z_index=&#8220;0&#8243; medium_width=&#8220;4&#8243; mobile_width=&#8220;0&#8243; width=&#8220;1\/2&#8243; mobile_height=&#8220;300&#8243; uncode_shortcode_id=&#8220;210996&#8243; back_color_type=&#8220;uncode-palette&#8220;][\/vc_column_inner][\/vc_row_inner][\/vc_column][vc_column column_width_percent=&#8220;100&#8243; gutter_size=&#8220;0&#8243; back_color=&#8220;color-lxmt&#8220; overlay_alpha=&#8220;50&#8243; shift_x=&#8220;0&#8243; shift_y=&#8220;0&#8243; shift_y_down=&#8220;0&#8243; z_index=&#8220;0&#8243; medium_width=&#8220;0&#8243; mobile_width=&#8220;0&#8243; width=&#8220;1\/2&#8243; uncode_shortcode_id=&#8220;213584&#8243; back_color_type=&#8220;uncode-palette&#8220;][vc_row_inner row_inner_height_percent=&#8220;50&#8243; back_color=&#8220;color-lxmt&#8220; overlay_alpha=&#8220;50&#8243; gutter_size=&#8220;3&#8243; shift_y=&#8220;0&#8243; z_index=&#8220;0&#8243; limit_content=&#8220;&#8220; uncode_shortcode_id=&#8220;789599&#8243; back_color_type=&#8220;uncode-palette&#8220;][vc_column_inner column_width_percent=&#8220;100&#8243; gutter_size=&#8220;2&#8243; override_padding=&#8220;yes&#8220; column_padding=&#8220;3&#8243; overlay_alpha=&#8220;50&#8243; shift_x=&#8220;0&#8243; shift_y=&#8220;0&#8243; shift_y_down=&#8220;0&#8243; z_index=&#8220;0&#8243; medium_width=&#8220;0&#8243; mobile_width=&#8220;0&#8243; width=&#8220;1\/1&#8243; uncode_shortcode_id=&#8220;154144&#8243;][vc_custom_heading text_font=&#8220;font-762333&#8243; text_size=&#8220;h1&#8243; text_weight=&#8220;500&#8243; text_space=&#8220;fontspace-781688&#8243; uncode_shortcode_id=&#8220;474805&#8243;]Wellness &amp; Golf[\/vc_custom_heading][vc_column_text text_lead=&#8220;yes&#8220; uncode_shortcode_id=&#8220;106142&#8243;]Das <strong>Hotel Elba Estepona 5*<\/strong>, in ersten Strandlinie, verf\u00fcgt \u00fcber gro\u00dfe Zimmer mit Aussicht aufs Meer. 204 Zimmer: 138 Doppelzimmer Deluxe, 43 Junior Suiten, 20 Suiten und 1 Pr\u00e4sidentensuite an der Costa del Sol. Echte Entspannung an <strong>einem ruhigen Strand am Mittelmeer<\/strong>, mit Zugang von der Gartenbereich. Schwimmb\u00e4der f\u00fcr Erwachsene und Kinder, klimatisiertes Hallenbad im Winter, gro\u00dfe G\u00e4rten, 2 thematischen Restaurants und 35 Golfpl\u00e4tze in der N\u00e4he.[\/vc_column_text][vc_button size=&#8220;btn-lg&#8220; border_animation=&#8220;btn-ripple-out&#8220; shadow=&#8220;yes&#8220; border_width=&#8220;0&#8243; link=&#8220;url:%23&#8243; uncode_shortcode_id=&#8220;170489&#8243; icon=&#8220;fa fa-calendar-plus-o&#8220; width=&#8220;200&#8243;]ANGEBOT ANFORDERN \/ BUCHEN[\/vc_button][vc_column_text text_lead=&#8220;small&#8220; uncode_shortcode_id=&#8220;120664&#8243;]* Nur buchbar bis sp\u00e4testens 40 Tage vor Abreise![\/vc_column_text][\/vc_column_inner][\/vc_row_inner][\/vc_column][\/vc_row][vc_row unlock_row_content=&#8220;yes&#8220; row_height_percent=&#8220;50&#8243; override_padding=&#8220;yes&#8220; h_padding=&#8220;0&#8243; top_padding=&#8220;0&#8243; bottom_padding=&#8220;0&#8243; overlay_alpha=&#8220;50&#8243; equal_height=&#8220;yes&#8220; gutter_size=&#8220;0&#8243; shift_y=&#8220;0&#8243;][vc_column column_width_percent=&#8220;100&#8243; gutter_size=&#8220;2&#8243; override_padding=&#8220;yes&#8220; column_padding=&#8220;4&#8243; overlay_alpha=&#8220;50&#8243; shift_x=&#8220;0&#8243; shift_y=&#8220;0&#8243; shift_y_down=&#8220;0&#8243; z_index=&#8220;0&#8243; medium_width=&#8220;0&#8243; mobile_width=&#8220;0&#8243; width=&#8220;1\/2&#8243; uncode_shortcode_id=&#8220;938873&#8243;][vc_column_text uncode_shortcode_id=&#8220;204041&#8243; el_class=&#8220;hotel-details&#8220;]<\/p>\n<table>\n<tbody>\n<tr>\n<td width=\"10%\"><b>Ort:<\/b><\/td>\n<td width=\"50%\">Das Hotel befindet sich direkt am Strand, nur wenige Minuten entfernt von Estepona und einer Vielzahl auf Golfpl\u00e4tzen.<\/td>\n<\/tr>\n<tr>\n<td><b>Hotel:<\/b><\/td>\n<td>Das luxuri\u00f6se Hotel Elba Estepona im spanischen Stil liegt direkt zwischen den Bergen und dem Mittelmeer. Das Hotel bietet mehrere Restaurants, 3 Bars, eine Poolbar, eine Pool-Anlage und dem ca. 1400 m\u00b2 gro\u00dfen Thalasso Spa.<\/td>\n<\/tr>\n<tr>\n<td><b>Zimmer:<\/b><\/td>\n<td>138 Doppelzimmer, ca. 37 m\u00b2 gro\u00df, inklusive Bad \/ WC, separate Duschen und gro\u00dfe Terrassen und Balkone mit Seeblick. Die Zimmer verf\u00fcgen \u00fcber Telefon &amp; Wi-Fi, Klimatisierung, Mini-Bar, Satelliten-Fernsehen, Tresor sowie Haarf\u00f6hn und Badem\u00e4ntel.<\/td>\n<\/tr>\n<tr>\n<td><b>Sport:<\/b><\/td>\n<td>Fitnesstudio, Pool-Anlage, Welness-Bereich<\/td>\n<\/tr>\n<tr>\n<td><b>Golf:<\/b><\/td>\n<td>Reduziertes Greenfee f\u00fcr: GC Estepona, Valle Romano CG, Alcaides Link GC and GC La Duquesa.<\/td>\n<\/tr>\n<\/tbody>\n<\/table>\n<p>[\/vc_column_text][\/vc_column][vc_column column_width_percent=&#8220;100&#8243; position_vertical=&#8220;middle&#8220; align_horizontal=&#8220;align_center&#8220; gutter_size=&#8220;3&#8243; back_color=&#8220;color-wayh&#8220; back_image=&#8220;88545&#8243; parallax=&#8220;yes&#8220; kburns=&#8220;yes&#8220; overlay_color=&#8220;color-nhtu&#8220; overlay_alpha=&#8220;40&#8243; shift_x=&#8220;0&#8243; shift_y=&#8220;0&#8243; shift_y_down=&#8220;0&#8243; z_index=&#8220;0&#8243; medium_visibility=&#8220;yes&#8220; medium_width=&#8220;0&#8243; mobile_visibility=&#8220;yes&#8220; mobile_width=&#8220;0&#8243; width=&#8220;1\/2&#8243; mobile_height=&#8220;300&#8243; uncode_shortcode_id=&#8220;131347&#8243; back_color_type=&#8220;uncode-palette&#8220; overlay_color_type=&#8220;uncode-palette&#8220;][vc_icon icon=&#8220;fa fa-play&#8220; background_style=&#8220;fa-rounded&#8220; size=&#8220;fa-3x&#8220; icon_automatic=&#8220;yes&#8220; shadow=&#8220;yes&#8220; css_animation=&#8220;zoom-in&#8220; media_lightbox=&#8220;88617&#8243; uncode_shortcode_id=&#8220;635033&#8243;][\/vc_icon][\/vc_column][\/vc_row][vc_row unlock_row_content=&#8220;yes&#8220; row_height_percent=&#8220;50&#8243; override_padding=&#8220;yes&#8220; h_padding=&#8220;0&#8243; top_padding=&#8220;0&#8243; bottom_padding=&#8220;0&#8243; overlay_alpha=&#8220;50&#8243; equal_height=&#8220;yes&#8220; gutter_size=&#8220;0&#8243; shift_y=&#8220;0&#8243;][vc_column column_width_percent=&#8220;100&#8243; gutter_size=&#8220;0&#8243; overlay_alpha=&#8220;50&#8243; shift_x=&#8220;0&#8243; shift_y=&#8220;0&#8243; z_index=&#8220;0&#8243; medium_width=&#8220;0&#8243; mobile_width=&#8220;0&#8243; width=&#8220;1\/1&#8243;][vc_row_inner row_inner_height_percent=&#8220;50&#8243; back_color=&#8220;color-lxmt&#8220; overlay_alpha=&#8220;50&#8243; gutter_size=&#8220;3&#8243; shift_y=&#8220;0&#8243; z_index=&#8220;0&#8243; limit_content=&#8220;&#8220; uncode_shortcode_id=&#8220;147875&#8243; back_color_type=&#8220;uncode-palette&#8220;][vc_column_inner column_width_percent=&#8220;100&#8243; gutter_size=&#8220;2&#8243; override_padding=&#8220;yes&#8220; column_padding=&#8220;4&#8243; overlay_alpha=&#8220;50&#8243; shift_x=&#8220;0&#8243; shift_y=&#8220;0&#8243; shift_y_down=&#8220;0&#8243; z_index=&#8220;0&#8243; medium_width=&#8220;0&#8243; mobile_width=&#8220;0&#8243; width=&#8220;1\/1&#8243;][vc_custom_heading text_font=&#8220;font-762333&#8243; text_size=&#8220;h1&#8243; text_weight=&#8220;500&#8243; text_space=&#8220;fontspace-781688&#8243; uncode_shortcode_id=&#8220;104484&#8243;]The Elba Estepona[\/vc_custom_heading][vc_column_text text_lead=&#8220;yes&#8220; uncode_shortcode_id=&#8220;149876&#8243;]Gebaut im mediterranen Architekturstil, bietet das Hotel eine Vielzahl an Aktivit\u00e4ten rund ums Jahr, auch im Winter. Z.B. das gro\u00dfe, beliebte Thalasso-Spa.[\/vc_column_text][\/vc_column_inner][\/vc_row_inner][\/vc_column][\/vc_row][vc_row unlock_row_content=&#8220;yes&#8220; row_height_percent=&#8220;0&#8243; override_padding=&#8220;yes&#8220; h_padding=&#8220;0&#8243; top_padding=&#8220;0&#8243; bottom_padding=&#8220;0&#8243; overlay_alpha=&#8220;0&#8243; gutter_size=&#8220;100&#8243; shift_y=&#8220;0&#8243; style=&#8220;inherited&#8220;][vc_column column_width_percent=&#8220;100&#8243; gutter_size=&#8220;3&#8243; overlay_alpha=&#8220;50&#8243; shift_x=&#8220;0&#8243; shift_y=&#8220;0&#8243; shift_y_down=&#8220;0&#8243; z_index=&#8220;0&#8243; medium_width=&#8220;0&#8243; mobile_width=&#8220;0&#8243; zoom_width=&#8220;0&#8243; zoom_height=&#8220;0&#8243; width=&#8220;1\/1&#8243; uncode_shortcode_id=&#8220;847376&#8243;][vc_gallery el_id=&#8220;gallery-43823&#8243; isotope_mode=&#8220;packery&#8220; medias=&#8220;88616,88576,88568,88615,88614,88613,88612,88611,88610,88609,88608,88607,88606,88605,88604,88603,88602,88601,88600,88599,88598,88597,88596,88595,88594,88593,88592,88591,88590,88589,88588,88587,88586,88585,88584,88583,88582,88581,88580,88579,88578,88577,88575,88574,88573,88572,88571,88570,88569&#8243; gallery_back_color=&#8220;color-wayh&#8220; gutter_size=&#8220;0&#8243; media_items=&#8220;media,icon&#8220; screen_lg=&#8220;1400&#8243; screen_md=&#8220;960&#8243; screen_sm=&#8220;480&#8243; single_width=&#8220;2&#8243; single_overlay_opacity=&#8220;50&#8243; single_h_align=&#8220;center&#8220; single_padding=&#8220;2&#8243; single_icon=&#8220;fa fa-plus2&#8243; single_border=&#8220;yes&#8220; single_css_animation=&#8220;bottom-t-top&#8220; single_animation_delay=&#8220;100&#8243; lbox_title=&#8220;yes&#8220; lbox_caption=&#8220;yes&#8220; lbox_social=&#8220;yes&#8220; lbox_deep=&#8220;yes&#8220; lbox_no_tmb=&#8220;yes&#8220; carousel_rtl=&#8220;&#8220; single_title_uppercase=&#8220;&#8220; single_title_serif=&#8220;&#8220; single_no_background=&#8220;&#8220; items=&#8220;e30=&#8220; uncode_shortcode_id=&#8220;134289&#8243; gallery_back_color_type=&#8220;uncode-palette&#8220;][\/vc_column][\/vc_row]<\/p>\n","protected":false},"excerpt":{"rendered":"<p>[vc_row unlock_row_content=&#8220;yes&#8220; row_height_percent=&#8220;95&#8243; override_padding=&#8220;yes&#8220; h_padding=&#8220;4&#8243; top_padding=&#8220;4&#8243; bottom_padding=&#8220;4&#8243; back_image=&#8220;87927&#8243; back_position=&#8220;center bottom&#8220; overlay_color=&#8220;color-jevc&#8220; overlay_alpha=&#8220;40&#8243; gutter_size=&#8220;3&#8243; column_width_percent=&#8220;100&#8243; shift_y=&#8220;0&#8243; z_index=&#8220;0&#8243; uncode_shortcode_id=&#8220;711337&#8243; overlay_color_type=&#8220;uncode-palette&#8220;][vc_column column_width_percent=&#8220;100&#8243; position_vertical=&#8220;bottom&#8220; [&hellip;]<\/p>\n","protected":false},"author":1,"featured_media":0,"parent":0,"menu_order":0,"comment_status":"closed","ping_status":"closed","template":"","meta":{"footnotes":""},"class_list":["post-88988","page","type-page","status-publish","hentry"],"yoast_head":"<!-- This site is optimized with the Yoast SEO plugin v19.10 - https:\/\/yoast.com\/wordpress\/plugins\/seo\/ -->\n<title>ELBA ESTEPONA - Professional Golf Academies<\/title>\n<meta name=\"robots\" content=\"index, follow, max-snippet:-1, max-image-preview:large, max-video-preview:-1\" \/>\n<link rel=\"canonical\" href=\"https:\/\/pg-academies.com\/de\/elba-estepona\/\" \/>\n<meta property=\"og:locale\" content=\"de_DE\" \/>\n<meta property=\"og:type\" content=\"article\" \/>\n<meta property=\"og:title\" content=\"ELBA ESTEPONA - Professional Golf Academies\" \/>\n<meta property=\"og:description\" content=\"[vc_row unlock_row_content=&#8220;yes&#8220; row_height_percent=&#8220;95&#8243; override_padding=&#8220;yes&#8220; h_padding=&#8220;4&#8243; top_padding=&#8220;4&#8243; bottom_padding=&#8220;4&#8243; back_image=&#8220;87927&#8243; back_position=&#8220;center bottom&#8220; overlay_color=&#8220;color-jevc&#8220; overlay_alpha=&#8220;40&#8243; gutter_size=&#8220;3&#8243; column_width_percent=&#8220;100&#8243; shift_y=&#8220;0&#8243; z_index=&#8220;0&#8243; uncode_shortcode_id=&#8220;711337&#8243; overlay_color_type=&#8220;uncode-palette&#8220;][vc_column column_width_percent=&#8220;100&#8243; position_vertical=&#8220;bottom&#8220; [&hellip;]\" \/>\n<meta property=\"og:url\" content=\"https:\/\/pg-academies.com\/de\/elba-estepona\/\" \/>\n<meta property=\"og:site_name\" content=\"Professional Golf Academies\" \/>\n<meta property=\"article:publisher\" content=\"https:\/\/www.facebook.com\/GermanGolfTours\/\" \/>\n<meta property=\"article:modified_time\" content=\"2022-03-21T10:10:10+00:00\" \/>\n<meta name=\"twitter:card\" content=\"summary_large_image\" \/>\n<script type=\"application\/ld+json\" class=\"yoast-schema-graph\">{\"@context\":\"https:\/\/schema.org\",\"@graph\":[{\"@type\":\"WebPage\",\"@id\":\"https:\/\/pg-academies.com\/de\/elba-estepona\/\",\"url\":\"https:\/\/pg-academies.com\/de\/elba-estepona\/\",\"name\":\"ELBA ESTEPONA - Professional Golf Academies\",\"isPartOf\":{\"@id\":\"https:\/\/pg-academies.com\/de\/#website\"},\"datePublished\":\"2021-08-18T10:18:33+00:00\",\"dateModified\":\"2022-03-21T10:10:10+00:00\",\"breadcrumb\":{\"@id\":\"https:\/\/pg-academies.com\/de\/elba-estepona\/#breadcrumb\"},\"inLanguage\":\"de\",\"potentialAction\":[{\"@type\":\"ReadAction\",\"target\":[\"https:\/\/pg-academies.com\/de\/elba-estepona\/\"]}]},{\"@type\":\"BreadcrumbList\",\"@id\":\"https:\/\/pg-academies.com\/de\/elba-estepona\/#breadcrumb\",\"itemListElement\":[{\"@type\":\"ListItem\",\"position\":1,\"name\":\"Home\",\"item\":\"https:\/\/pg-academies.com\/de\/home\/\"},{\"@type\":\"ListItem\",\"position\":2,\"name\":\"ELBA ESTEPONA\"}]},{\"@type\":\"WebSite\",\"@id\":\"https:\/\/pg-academies.com\/de\/#website\",\"url\":\"https:\/\/pg-academies.com\/de\/\",\"name\":\"Professional Golf Academies\",\"description\":\"Kick it like we do!\",\"publisher\":{\"@id\":\"https:\/\/pg-academies.com\/de\/#organization\"},\"potentialAction\":[{\"@type\":\"SearchAction\",\"target\":{\"@type\":\"EntryPoint\",\"urlTemplate\":\"https:\/\/pg-academies.com\/de\/?s={search_term_string}\"},\"query-input\":\"required name=search_term_string\"}],\"inLanguage\":\"de\"},{\"@type\":\"Organization\",\"@id\":\"https:\/\/pg-academies.com\/de\/#organization\",\"name\":\"Professional Golf Academies\",\"url\":\"https:\/\/pg-academies.com\/de\/\",\"logo\":{\"@type\":\"ImageObject\",\"inLanguage\":\"de\",\"@id\":\"https:\/\/pg-academies.com\/de\/#\/schema\/logo\/image\/\",\"url\":\"https:\/\/pg-academies.com\/wp-content\/uploads\/2021\/08\/pg-academies-logo-full-black.svg\",\"contentUrl\":\"https:\/\/pg-academies.com\/wp-content\/uploads\/2021\/08\/pg-academies-logo-full-black.svg\",\"caption\":\"Professional Golf Academies\"},\"image\":{\"@id\":\"https:\/\/pg-academies.com\/de\/#\/schema\/logo\/image\/\"},\"sameAs\":[\"https:\/\/www.instagram.com\/germangolftours\/\",\"https:\/\/www.facebook.com\/GermanGolfTours\/\"]}]}<\/script>\n<!-- \/ Yoast SEO plugin. -->","yoast_head_json":{"title":"ELBA ESTEPONA - Professional Golf Academies","robots":{"index":"index","follow":"follow","max-snippet":"max-snippet:-1","max-image-preview":"max-image-preview:large","max-video-preview":"max-video-preview:-1"},"canonical":"https:\/\/pg-academies.com\/de\/elba-estepona\/","og_locale":"de_DE","og_type":"article","og_title":"ELBA ESTEPONA - Professional Golf Academies","og_description":"[vc_row unlock_row_content=&#8220;yes&#8220; row_height_percent=&#8220;95&#8243; override_padding=&#8220;yes&#8220; h_padding=&#8220;4&#8243; top_padding=&#8220;4&#8243; bottom_padding=&#8220;4&#8243; back_image=&#8220;87927&#8243; back_position=&#8220;center bottom&#8220; overlay_color=&#8220;color-jevc&#8220; overlay_alpha=&#8220;40&#8243; gutter_size=&#8220;3&#8243; column_width_percent=&#8220;100&#8243; shift_y=&#8220;0&#8243; z_index=&#8220;0&#8243; uncode_shortcode_id=&#8220;711337&#8243; overlay_color_type=&#8220;uncode-palette&#8220;][vc_column column_width_percent=&#8220;100&#8243; position_vertical=&#8220;bottom&#8220; [&hellip;]","og_url":"https:\/\/pg-academies.com\/de\/elba-estepona\/","og_site_name":"Professional Golf Academies","article_publisher":"https:\/\/www.facebook.com\/GermanGolfTours\/","article_modified_time":"2022-03-21T10:10:10+00:00","twitter_card":"summary_large_image","schema":{"@context":"https:\/\/schema.org","@graph":[{"@type":"WebPage","@id":"https:\/\/pg-academies.com\/de\/elba-estepona\/","url":"https:\/\/pg-academies.com\/de\/elba-estepona\/","name":"ELBA ESTEPONA - Professional Golf Academies","isPartOf":{"@id":"https:\/\/pg-academies.com\/de\/#website"},"datePublished":"2021-08-18T10:18:33+00:00","dateModified":"2022-03-21T10:10:10+00:00","breadcrumb":{"@id":"https:\/\/pg-academies.com\/de\/elba-estepona\/#breadcrumb"},"inLanguage":"de","potentialAction":[{"@type":"ReadAction","target":["https:\/\/pg-academies.com\/de\/elba-estepona\/"]}]},{"@type":"BreadcrumbList","@id":"https:\/\/pg-academies.com\/de\/elba-estepona\/#breadcrumb","itemListElement":[{"@type":"ListItem","position":1,"name":"Home","item":"https:\/\/pg-academies.com\/de\/home\/"},{"@type":"ListItem","position":2,"name":"ELBA ESTEPONA"}]},{"@type":"WebSite","@id":"https:\/\/pg-academies.com\/de\/#website","url":"https:\/\/pg-academies.com\/de\/","name":"Professional Golf Academies","description":"Kick it like we do!","publisher":{"@id":"https:\/\/pg-academies.com\/de\/#organization"},"potentialAction":[{"@type":"SearchAction","target":{"@type":"EntryPoint","urlTemplate":"https:\/\/pg-academies.com\/de\/?s={search_term_string}"},"query-input":"required name=search_term_string"}],"inLanguage":"de"},{"@type":"Organization","@id":"https:\/\/pg-academies.com\/de\/#organization","name":"Professional Golf Academies","url":"https:\/\/pg-academies.com\/de\/","logo":{"@type":"ImageObject","inLanguage":"de","@id":"https:\/\/pg-academies.com\/de\/#\/schema\/logo\/image\/","url":"https:\/\/pg-academies.com\/wp-content\/uploads\/2021\/08\/pg-academies-logo-full-black.svg","contentUrl":"https:\/\/pg-academies.com\/wp-content\/uploads\/2021\/08\/pg-academies-logo-full-black.svg","caption":"Professional Golf Academies"},"image":{"@id":"https:\/\/pg-academies.com\/de\/#\/schema\/logo\/image\/"},"sameAs":["https:\/\/www.instagram.com\/germangolftours\/","https:\/\/www.facebook.com\/GermanGolfTours\/"]}]}},"_links":{"self":[{"href":"https:\/\/pg-academies.com\/de\/wp-json\/wp\/v2\/pages\/88988","targetHints":{"allow":["GET"]}}],"collection":[{"href":"https:\/\/pg-academies.com\/de\/wp-json\/wp\/v2\/pages"}],"about":[{"href":"https:\/\/pg-academies.com\/de\/wp-json\/wp\/v2\/types\/page"}],"author":[{"embeddable":true,"href":"https:\/\/pg-academies.com\/de\/wp-json\/wp\/v2\/users\/1"}],"replies":[{"embeddable":true,"href":"https:\/\/pg-academies.com\/de\/wp-json\/wp\/v2\/comments?post=88988"}],"version-history":[{"count":3,"href":"https:\/\/pg-academies.com\/de\/wp-json\/wp\/v2\/pages\/88988\/revisions"}],"predecessor-version":[{"id":89343,"href":"https:\/\/pg-academies.com\/de\/wp-json\/wp\/v2\/pages\/88988\/revisions\/89343"}],"wp:attachment":[{"href":"https:\/\/pg-academies.com\/de\/wp-json\/wp\/v2\/media?parent=88988"}],"curies":[{"name":"wp","href":"https:\/\/api.w.org\/{rel}","templated":true}]}}