{"id":88989,"date":"2021-08-15T21:18:54","date_gmt":"2021-08-15T20:18:54","guid":{"rendered":"https:\/\/graham.twentyfirst.media\/elba-costa-ballena\/"},"modified":"2022-03-21T10:09:45","modified_gmt":"2022-03-21T10:09:45","slug":"elba-costa-ballena","status":"publish","type":"page","link":"https:\/\/pg-academies.com\/de\/elba-costa-ballena\/","title":{"rendered":"ELBA COSTA BALLENA"},"content":{"rendered":"<p>[vc_row unlock_row_content=&#8220;yes&#8220; row_height_percent=&#8220;95&#8243; override_padding=&#8220;yes&#8220; h_padding=&#8220;4&#8243; top_padding=&#8220;4&#8243; bottom_padding=&#8220;4&#8243; back_image=&#8220;88546&#8243; back_position=&#8220;right top&#8220; overlay_color=&#8220;color-jevc&#8220; overlay_alpha=&#8220;40&#8243; gutter_size=&#8220;3&#8243; column_width_percent=&#8220;100&#8243; shift_y=&#8220;0&#8243; z_index=&#8220;0&#8243; uncode_shortcode_id=&#8220;188687&#8243; overlay_color_type=&#8220;uncode-palette&#8220;][vc_column column_width_percent=&#8220;100&#8243; position_vertical=&#8220;bottom&#8220; gutter_size=&#8220;0&#8243; overlay_alpha=&#8220;50&#8243; shift_x=&#8220;0&#8243; shift_y=&#8220;0&#8243; shift_y_down=&#8220;0&#8243; z_index=&#8220;0&#8243; medium_width=&#8220;0&#8243; mobile_width=&#8220;0&#8243; width=&#8220;1\/1&#8243; uncode_shortcode_id=&#8220;416823&#8243;][vc_custom_heading text_color=&#8220;color-xsdn&#8220; heading_semantic=&#8220;h1&#8243; text_font=&#8220;font-762333&#8243; text_size=&#8220;fontsize-338686&#8243; text_weight=&#8220;700&#8243; text_space=&#8220;fontspace-781688&#8243; uncode_shortcode_id=&#8220;208234&#8243; text_color_type=&#8220;uncode-palette&#8220;]Elba Costa Ballena[\/vc_custom_heading][vc_custom_heading text_color=&#8220;color-xsdn&#8220; heading_semantic=&#8220;h1&#8243; text_font=&#8220;font-762333&#8243; text_size=&#8220;fontsize-155944&#8243; text_weight=&#8220;500&#8243; text_space=&#8220;fontspace-781688&#8243; uncode_shortcode_id=&#8220;763416&#8243; text_color_type=&#8220;uncode-palette&#8220;]****[\/vc_custom_heading][\/vc_column][\/vc_row][vc_row unlock_row_content=&#8220;yes&#8220; row_height_percent=&#8220;50&#8243; override_padding=&#8220;yes&#8220; h_padding=&#8220;0&#8243; top_padding=&#8220;0&#8243; bottom_padding=&#8220;0&#8243; overlay_alpha=&#8220;50&#8243; equal_height=&#8220;yes&#8220; gutter_size=&#8220;0&#8243; column_width_percent=&#8220;100&#8243; shift_y=&#8220;0&#8243; z_index=&#8220;0&#8243; uncode_shortcode_id=&#8220;513466&#8243;][vc_column column_width_percent=&#8220;100&#8243; position_vertical=&#8220;middle&#8220; align_horizontal=&#8220;align_center&#8220; gutter_size=&#8220;0&#8243; overlay_color=&#8220;color-nhtu&#8220; overlay_alpha=&#8220;40&#8243; shift_x=&#8220;0&#8243; shift_y=&#8220;0&#8243; shift_y_down=&#8220;0&#8243; z_index=&#8220;0&#8243; medium_width=&#8220;0&#8243; mobile_width=&#8220;0&#8243; width=&#8220;1\/2&#8243; mobile_height=&#8220;300&#8243; uncode_shortcode_id=&#8220;770570&#8243; overlay_color_type=&#8220;uncode-palette&#8220;][vc_row_inner row_inner_height_percent=&#8220;100&#8243; overlay_alpha=&#8220;50&#8243; equal_height=&#8220;yes&#8220; gutter_size=&#8220;0&#8243; shift_y=&#8220;0&#8243; z_index=&#8220;0&#8243; limit_content=&#8220;&#8220; uncode_shortcode_id=&#8220;201640&#8243;][vc_column_inner column_width_percent=&#8220;100&#8243; gutter_size=&#8220;0&#8243; override_padding=&#8220;yes&#8220; column_padding=&#8220;4&#8243; back_color=&#8220;color-lxmt&#8220; overlay_alpha=&#8220;50&#8243; shift_x=&#8220;0&#8243; shift_y=&#8220;0&#8243; shift_y_down=&#8220;0&#8243; z_index=&#8220;0&#8243; medium_width=&#8220;4&#8243; mobile_width=&#8220;0&#8243; width=&#8220;1\/2&#8243; uncode_shortcode_id=&#8220;164453&#8243; back_color_type=&#8220;uncode-palette&#8220;][vc_icon icon=&#8220;fa fa-tools&#8220; icon_image=&#8220;87905&#8243; media_size=&#8220;25&#8243; text_font=&#8220;font-762333&#8243; text_size=&#8220;h2&#8243; text_weight=&#8220;500&#8243; text_space=&#8220;fontspace-781688&#8243; align=&#8220;left&#8220; title=&#8220;PRO-TIPP&#8220; uncode_shortcode_id=&#8220;116555&#8243;]Das Elba Costa Ballena grenzt an den Golfplatz mit 27 + 9 L\u00f6chern, Costa Ballena Ocean Golf-Club, 500 Meter vom Hotel entfernt, Olaz\u00e1bal-Design mit dem gr\u00f6\u00dften Trainingsfeld Andalusiens.[\/vc_icon][\/vc_column_inner][vc_column_inner column_width_percent=&#8220;100&#8243; gutter_size=&#8220;3&#8243; override_padding=&#8220;yes&#8220; column_padding=&#8220;4&#8243; back_color=&#8220;color-lxmt&#8220; back_image=&#8220;88545&#8243; back_position=&#8220;center top&#8220; overlay_alpha=&#8220;50&#8243; shift_x=&#8220;0&#8243; shift_y=&#8220;0&#8243; shift_y_down=&#8220;0&#8243; z_index=&#8220;0&#8243; medium_width=&#8220;4&#8243; mobile_width=&#8220;0&#8243; width=&#8220;1\/2&#8243; mobile_height=&#8220;300&#8243; uncode_shortcode_id=&#8220;207171&#8243; back_color_type=&#8220;uncode-palette&#8220;][\/vc_column_inner][\/vc_row_inner][\/vc_column][vc_column column_width_percent=&#8220;100&#8243; gutter_size=&#8220;0&#8243; back_color=&#8220;color-lxmt&#8220; overlay_alpha=&#8220;50&#8243; shift_x=&#8220;0&#8243; shift_y=&#8220;0&#8243; shift_y_down=&#8220;0&#8243; z_index=&#8220;0&#8243; medium_width=&#8220;0&#8243; mobile_width=&#8220;0&#8243; width=&#8220;1\/2&#8243; uncode_shortcode_id=&#8220;213584&#8243; back_color_type=&#8220;uncode-palette&#8220;][vc_row_inner row_inner_height_percent=&#8220;50&#8243; back_color=&#8220;color-lxmt&#8220; overlay_alpha=&#8220;50&#8243; gutter_size=&#8220;3&#8243; shift_y=&#8220;0&#8243; z_index=&#8220;0&#8243; limit_content=&#8220;&#8220; uncode_shortcode_id=&#8220;789599&#8243; back_color_type=&#8220;uncode-palette&#8220;][vc_column_inner column_width_percent=&#8220;100&#8243; gutter_size=&#8220;2&#8243; override_padding=&#8220;yes&#8220; column_padding=&#8220;3&#8243; overlay_alpha=&#8220;50&#8243; shift_x=&#8220;0&#8243; shift_y=&#8220;0&#8243; shift_y_down=&#8220;0&#8243; z_index=&#8220;0&#8243; medium_width=&#8220;0&#8243; mobile_width=&#8220;0&#8243; width=&#8220;1\/1&#8243; uncode_shortcode_id=&#8220;154144&#8243;][vc_custom_heading text_font=&#8220;font-762333&#8243; text_size=&#8220;h1&#8243; text_weight=&#8220;500&#8243; text_space=&#8220;fontspace-781688&#8243; uncode_shortcode_id=&#8220;103645&#8243;]Golf &amp; Wellness[\/vc_custom_heading][vc_column_text text_lead=&#8220;yes&#8220; uncode_shortcode_id=&#8220;130645&#8243;]Es ist ein modernes, f\u00fcr den Sommerurlaub an einem der popul\u00e4rsten Strand-Orte von C\u00e1diz, gelegenes Hotel, mit sch\u00f6nen Landschaften und einem milden Klima, das ganze Jahr \u00fcber.[\/vc_column_text][vc_button size=&#8220;btn-lg&#8220; border_animation=&#8220;btn-ripple-out&#8220; shadow=&#8220;yes&#8220; border_width=&#8220;0&#8243; link=&#8220;url:%23&#8243; uncode_shortcode_id=&#8220;170489&#8243; icon=&#8220;fa fa-calendar-plus-o&#8220; width=&#8220;200&#8243;]ANGEBOT ANFORDERN \/ BUCHEN[\/vc_button][vc_column_text text_lead=&#8220;small&#8220; uncode_shortcode_id=&#8220;120664&#8243;]* Nur buchbar bis sp\u00e4testens 40 Tage vor Abreise![\/vc_column_text][\/vc_column_inner][\/vc_row_inner][\/vc_column][\/vc_row][vc_row unlock_row_content=&#8220;yes&#8220; row_height_percent=&#8220;50&#8243; override_padding=&#8220;yes&#8220; h_padding=&#8220;0&#8243; top_padding=&#8220;0&#8243; bottom_padding=&#8220;0&#8243; overlay_alpha=&#8220;50&#8243; equal_height=&#8220;yes&#8220; gutter_size=&#8220;0&#8243; shift_y=&#8220;0&#8243;][vc_column column_width_percent=&#8220;100&#8243; gutter_size=&#8220;2&#8243; override_padding=&#8220;yes&#8220; column_padding=&#8220;4&#8243; overlay_alpha=&#8220;50&#8243; shift_x=&#8220;0&#8243; shift_y=&#8220;0&#8243; shift_y_down=&#8220;0&#8243; z_index=&#8220;0&#8243; medium_width=&#8220;0&#8243; mobile_width=&#8220;0&#8243; width=&#8220;1\/2&#8243; uncode_shortcode_id=&#8220;938873&#8243;][vc_column_text uncode_shortcode_id=&#8220;191208&#8243; el_class=&#8220;hotel-details&#8220;]Es ist ein modernes, f\u00fcr den Sommerurlaub an eiem der popul\u00e4rsten Strand-Orte von C\u00e1diz, gelegenes Hotel mit sch\u00f6nen Landschaften und einem milden Klima, das ganze Jahr \u00fcber. Ein Hotel an der ersten Linie des Strandes, das durch seinen, sehr in seiner Umgebung integrierten, Architekturstil, \u00fcberrascht. Freundlich, vergn\u00fcgt und ruhig, liegt es an der ertsten Linie der See, angrenzend an den Ocean Golf-Club der Costa Balllena-K\u00fcste, ein Feld mit 3 Rundg\u00e4ngen.   <\/p>\n<p>Nur wenige Schritte entfernt von Rota, in der N\u00e4he von Sanl\u00facar de Barrameda, Chipiona, Jerez oder Puerto de Santa Maria. Es bietet eine Unzahl von Verlockungen im und am Hotel: Schwimmbad-Bereich getrennt f\u00fcr Erwachsene und Kinder, Kinderg\u00e4rten, Thalasso-Kubad, \u00fcber 2.000 m\u00b2, einzigartig in C\u00e1diz mit Sicht auf das ausgezeichnete Golffeld mit Olaz\u00e1bal-Design. Es ist ein Strandhotel ideal f\u00fcr den Sommerurlaub und ein f\u00fcr Familien verzauberndes Hotel.[\/vc_column_text][\/vc_column][vc_column column_width_percent=&#8220;100&#8243; position_vertical=&#8220;middle&#8220; align_horizontal=&#8220;align_center&#8220; gutter_size=&#8220;3&#8243; back_color=&#8220;color-wayh&#8220; back_image=&#8220;88554&#8243; parallax=&#8220;yes&#8220; kburns=&#8220;yes&#8220; overlay_color=&#8220;color-nhtu&#8220; overlay_alpha=&#8220;40&#8243; shift_x=&#8220;0&#8243; shift_y=&#8220;0&#8243; shift_y_down=&#8220;0&#8243; z_index=&#8220;0&#8243; medium_visibility=&#8220;yes&#8220; medium_width=&#8220;0&#8243; mobile_visibility=&#8220;yes&#8220; mobile_width=&#8220;0&#8243; width=&#8220;1\/2&#8243; mobile_height=&#8220;300&#8243; uncode_shortcode_id=&#8220;135403&#8243; back_color_type=&#8220;uncode-palette&#8220; overlay_color_type=&#8220;uncode-palette&#8220;][vc_icon icon=&#8220;fa fa-play&#8220; background_style=&#8220;fa-rounded&#8220; size=&#8220;fa-3x&#8220; icon_automatic=&#8220;yes&#8220; shadow=&#8220;yes&#8220; css_animation=&#8220;zoom-in&#8220; media_lightbox=&#8220;88523&#8243; uncode_shortcode_id=&#8220;126918&#8243;][\/vc_icon][\/vc_column][\/vc_row][vc_row unlock_row_content=&#8220;yes&#8220; row_height_percent=&#8220;50&#8243; override_padding=&#8220;yes&#8220; h_padding=&#8220;0&#8243; top_padding=&#8220;0&#8243; bottom_padding=&#8220;0&#8243; overlay_alpha=&#8220;50&#8243; equal_height=&#8220;yes&#8220; gutter_size=&#8220;0&#8243; shift_y=&#8220;0&#8243;][vc_column column_width_percent=&#8220;100&#8243; gutter_size=&#8220;0&#8243; overlay_alpha=&#8220;50&#8243; shift_x=&#8220;0&#8243; shift_y=&#8220;0&#8243; z_index=&#8220;0&#8243; medium_width=&#8220;0&#8243; mobile_width=&#8220;0&#8243; width=&#8220;1\/1&#8243;][vc_row_inner row_inner_height_percent=&#8220;50&#8243; back_color=&#8220;color-lxmt&#8220; overlay_alpha=&#8220;50&#8243; gutter_size=&#8220;3&#8243; shift_y=&#8220;0&#8243; z_index=&#8220;0&#8243; limit_content=&#8220;&#8220; uncode_shortcode_id=&#8220;147875&#8243; back_color_type=&#8220;uncode-palette&#8220;][vc_column_inner column_width_percent=&#8220;100&#8243; gutter_size=&#8220;2&#8243; override_padding=&#8220;yes&#8220; column_padding=&#8220;4&#8243; overlay_alpha=&#8220;50&#8243; shift_x=&#8220;0&#8243; shift_y=&#8220;0&#8243; shift_y_down=&#8220;0&#8243; z_index=&#8220;0&#8243; medium_width=&#8220;0&#8243; mobile_width=&#8220;0&#8243; width=&#8220;1\/1&#8243;][vc_custom_heading text_font=&#8220;font-762333&#8243; text_size=&#8220;h1&#8243; text_weight=&#8220;500&#8243; text_space=&#8220;fontspace-781688&#8243; uncode_shortcode_id=&#8220;166418&#8243;]Elba Costa Ballena Beach &amp; Thalasso Resort ****[\/vc_custom_heading][vc_column_text text_lead=&#8220;yes&#8220; uncode_shortcode_id=&#8220;202136&#8243;]Hotel bei C\u00e1diz[\/vc_column_text][\/vc_column_inner][\/vc_row_inner][\/vc_column][\/vc_row][vc_row unlock_row_content=&#8220;yes&#8220; row_height_percent=&#8220;0&#8243; override_padding=&#8220;yes&#8220; h_padding=&#8220;0&#8243; top_padding=&#8220;0&#8243; bottom_padding=&#8220;0&#8243; overlay_alpha=&#8220;0&#8243; gutter_size=&#8220;100&#8243; shift_y=&#8220;0&#8243; style=&#8220;inherited&#8220;][vc_column column_width_percent=&#8220;100&#8243; gutter_size=&#8220;3&#8243; overlay_alpha=&#8220;50&#8243; shift_x=&#8220;0&#8243; shift_y=&#8220;0&#8243; shift_y_down=&#8220;0&#8243; z_index=&#8220;0&#8243; medium_width=&#8220;0&#8243; mobile_width=&#8220;0&#8243; zoom_width=&#8220;0&#8243; zoom_height=&#8220;0&#8243; width=&#8220;1\/1&#8243; uncode_shortcode_id=&#8220;847376&#8243;][vc_gallery el_id=&#8220;gallery-43823&#8243; isotope_mode=&#8220;packery&#8220; medias=&#8220;88525,88563,88562,88560,88559,88558,88557,88556,88555,88554,88553,88552,88551,88550,88549,88548,88547,88546,88545,88544,88543,88542,88541,88540,88539,88538,88537,88536,88535,88534,88533,88532,88531,88530,88529,88528,88527,88526&#8243; gallery_back_color=&#8220;color-wayh&#8220; gutter_size=&#8220;0&#8243; media_items=&#8220;media,icon&#8220; screen_lg=&#8220;1400&#8243; screen_md=&#8220;960&#8243; screen_sm=&#8220;480&#8243; single_width=&#8220;2&#8243; single_overlay_opacity=&#8220;50&#8243; single_h_align=&#8220;center&#8220; single_padding=&#8220;2&#8243; single_icon=&#8220;fa fa-plus2&#8243; single_border=&#8220;yes&#8220; single_css_animation=&#8220;bottom-t-top&#8220; single_animation_delay=&#8220;100&#8243; lbox_title=&#8220;yes&#8220; lbox_caption=&#8220;yes&#8220; lbox_social=&#8220;yes&#8220; lbox_deep=&#8220;yes&#8220; lbox_no_tmb=&#8220;yes&#8220; carousel_rtl=&#8220;&#8220; single_title_uppercase=&#8220;&#8220; single_title_serif=&#8220;&#8220; single_no_background=&#8220;&#8220; items=&#8220;e30=&#8220; uncode_shortcode_id=&#8220;357963&#8243; gallery_back_color_type=&#8220;uncode-palette&#8220;][\/vc_column][\/vc_row]<\/p>\n","protected":false},"excerpt":{"rendered":"<p>[vc_row unlock_row_content=&#8220;yes&#8220; row_height_percent=&#8220;95&#8243; override_padding=&#8220;yes&#8220; h_padding=&#8220;4&#8243; top_padding=&#8220;4&#8243; bottom_padding=&#8220;4&#8243; back_image=&#8220;88546&#8243; back_position=&#8220;right top&#8220; overlay_color=&#8220;color-jevc&#8220; overlay_alpha=&#8220;40&#8243; gutter_size=&#8220;3&#8243; column_width_percent=&#8220;100&#8243; shift_y=&#8220;0&#8243; z_index=&#8220;0&#8243; uncode_shortcode_id=&#8220;188687&#8243; overlay_color_type=&#8220;uncode-palette&#8220;][vc_column column_width_percent=&#8220;100&#8243; position_vertical=&#8220;bottom&#8220; [&hellip;]<\/p>\n","protected":false},"author":1,"featured_media":0,"parent":0,"menu_order":0,"comment_status":"closed","ping_status":"closed","template":"","meta":{"footnotes":""},"class_list":["post-88989","page","type-page","status-publish","hentry"],"yoast_head":"<!-- This site is optimized with the Yoast SEO plugin v19.10 - https:\/\/yoast.com\/wordpress\/plugins\/seo\/ -->\n<title>ELBA COSTA BALLENA - Professional Golf Academies<\/title>\n<meta name=\"robots\" content=\"index, follow, max-snippet:-1, max-image-preview:large, max-video-preview:-1\" \/>\n<link rel=\"canonical\" href=\"https:\/\/pg-academies.com\/de\/elba-costa-ballena\/\" \/>\n<meta property=\"og:locale\" content=\"de_DE\" \/>\n<meta property=\"og:type\" content=\"article\" \/>\n<meta property=\"og:title\" content=\"ELBA COSTA BALLENA - Professional Golf Academies\" \/>\n<meta property=\"og:description\" content=\"[vc_row unlock_row_content=&#8220;yes&#8220; row_height_percent=&#8220;95&#8243; override_padding=&#8220;yes&#8220; h_padding=&#8220;4&#8243; top_padding=&#8220;4&#8243; bottom_padding=&#8220;4&#8243; back_image=&#8220;88546&#8243; back_position=&#8220;right top&#8220; overlay_color=&#8220;color-jevc&#8220; overlay_alpha=&#8220;40&#8243; gutter_size=&#8220;3&#8243; column_width_percent=&#8220;100&#8243; shift_y=&#8220;0&#8243; z_index=&#8220;0&#8243; uncode_shortcode_id=&#8220;188687&#8243; overlay_color_type=&#8220;uncode-palette&#8220;][vc_column column_width_percent=&#8220;100&#8243; position_vertical=&#8220;bottom&#8220; [&hellip;]\" \/>\n<meta property=\"og:url\" content=\"https:\/\/pg-academies.com\/de\/elba-costa-ballena\/\" \/>\n<meta property=\"og:site_name\" content=\"Professional Golf Academies\" \/>\n<meta property=\"article:publisher\" content=\"https:\/\/www.facebook.com\/GermanGolfTours\/\" \/>\n<meta property=\"article:modified_time\" content=\"2022-03-21T10:09:45+00:00\" \/>\n<meta name=\"twitter:card\" content=\"summary_large_image\" \/>\n<script type=\"application\/ld+json\" class=\"yoast-schema-graph\">{\"@context\":\"https:\/\/schema.org\",\"@graph\":[{\"@type\":\"WebPage\",\"@id\":\"https:\/\/pg-academies.com\/de\/elba-costa-ballena\/\",\"url\":\"https:\/\/pg-academies.com\/de\/elba-costa-ballena\/\",\"name\":\"ELBA COSTA BALLENA - Professional Golf Academies\",\"isPartOf\":{\"@id\":\"https:\/\/pg-academies.com\/de\/#website\"},\"datePublished\":\"2021-08-15T20:18:54+00:00\",\"dateModified\":\"2022-03-21T10:09:45+00:00\",\"breadcrumb\":{\"@id\":\"https:\/\/pg-academies.com\/de\/elba-costa-ballena\/#breadcrumb\"},\"inLanguage\":\"de\",\"potentialAction\":[{\"@type\":\"ReadAction\",\"target\":[\"https:\/\/pg-academies.com\/de\/elba-costa-ballena\/\"]}]},{\"@type\":\"BreadcrumbList\",\"@id\":\"https:\/\/pg-academies.com\/de\/elba-costa-ballena\/#breadcrumb\",\"itemListElement\":[{\"@type\":\"ListItem\",\"position\":1,\"name\":\"Home\",\"item\":\"https:\/\/pg-academies.com\/de\/home\/\"},{\"@type\":\"ListItem\",\"position\":2,\"name\":\"ELBA COSTA BALLENA\"}]},{\"@type\":\"WebSite\",\"@id\":\"https:\/\/pg-academies.com\/de\/#website\",\"url\":\"https:\/\/pg-academies.com\/de\/\",\"name\":\"Professional Golf Academies\",\"description\":\"Kick it like we do!\",\"publisher\":{\"@id\":\"https:\/\/pg-academies.com\/de\/#organization\"},\"potentialAction\":[{\"@type\":\"SearchAction\",\"target\":{\"@type\":\"EntryPoint\",\"urlTemplate\":\"https:\/\/pg-academies.com\/de\/?s={search_term_string}\"},\"query-input\":\"required name=search_term_string\"}],\"inLanguage\":\"de\"},{\"@type\":\"Organization\",\"@id\":\"https:\/\/pg-academies.com\/de\/#organization\",\"name\":\"Professional Golf Academies\",\"url\":\"https:\/\/pg-academies.com\/de\/\",\"logo\":{\"@type\":\"ImageObject\",\"inLanguage\":\"de\",\"@id\":\"https:\/\/pg-academies.com\/de\/#\/schema\/logo\/image\/\",\"url\":\"https:\/\/pg-academies.com\/wp-content\/uploads\/2021\/08\/pg-academies-logo-full-black.svg\",\"contentUrl\":\"https:\/\/pg-academies.com\/wp-content\/uploads\/2021\/08\/pg-academies-logo-full-black.svg\",\"caption\":\"Professional Golf Academies\"},\"image\":{\"@id\":\"https:\/\/pg-academies.com\/de\/#\/schema\/logo\/image\/\"},\"sameAs\":[\"https:\/\/www.instagram.com\/germangolftours\/\",\"https:\/\/www.facebook.com\/GermanGolfTours\/\"]}]}<\/script>\n<!-- \/ Yoast SEO plugin. -->","yoast_head_json":{"title":"ELBA COSTA BALLENA - Professional Golf Academies","robots":{"index":"index","follow":"follow","max-snippet":"max-snippet:-1","max-image-preview":"max-image-preview:large","max-video-preview":"max-video-preview:-1"},"canonical":"https:\/\/pg-academies.com\/de\/elba-costa-ballena\/","og_locale":"de_DE","og_type":"article","og_title":"ELBA COSTA BALLENA - Professional Golf Academies","og_description":"[vc_row unlock_row_content=&#8220;yes&#8220; row_height_percent=&#8220;95&#8243; override_padding=&#8220;yes&#8220; h_padding=&#8220;4&#8243; top_padding=&#8220;4&#8243; bottom_padding=&#8220;4&#8243; back_image=&#8220;88546&#8243; back_position=&#8220;right top&#8220; overlay_color=&#8220;color-jevc&#8220; overlay_alpha=&#8220;40&#8243; gutter_size=&#8220;3&#8243; column_width_percent=&#8220;100&#8243; shift_y=&#8220;0&#8243; z_index=&#8220;0&#8243; uncode_shortcode_id=&#8220;188687&#8243; overlay_color_type=&#8220;uncode-palette&#8220;][vc_column column_width_percent=&#8220;100&#8243; position_vertical=&#8220;bottom&#8220; [&hellip;]","og_url":"https:\/\/pg-academies.com\/de\/elba-costa-ballena\/","og_site_name":"Professional Golf Academies","article_publisher":"https:\/\/www.facebook.com\/GermanGolfTours\/","article_modified_time":"2022-03-21T10:09:45+00:00","twitter_card":"summary_large_image","schema":{"@context":"https:\/\/schema.org","@graph":[{"@type":"WebPage","@id":"https:\/\/pg-academies.com\/de\/elba-costa-ballena\/","url":"https:\/\/pg-academies.com\/de\/elba-costa-ballena\/","name":"ELBA COSTA BALLENA - Professional Golf Academies","isPartOf":{"@id":"https:\/\/pg-academies.com\/de\/#website"},"datePublished":"2021-08-15T20:18:54+00:00","dateModified":"2022-03-21T10:09:45+00:00","breadcrumb":{"@id":"https:\/\/pg-academies.com\/de\/elba-costa-ballena\/#breadcrumb"},"inLanguage":"de","potentialAction":[{"@type":"ReadAction","target":["https:\/\/pg-academies.com\/de\/elba-costa-ballena\/"]}]},{"@type":"BreadcrumbList","@id":"https:\/\/pg-academies.com\/de\/elba-costa-ballena\/#breadcrumb","itemListElement":[{"@type":"ListItem","position":1,"name":"Home","item":"https:\/\/pg-academies.com\/de\/home\/"},{"@type":"ListItem","position":2,"name":"ELBA COSTA BALLENA"}]},{"@type":"WebSite","@id":"https:\/\/pg-academies.com\/de\/#website","url":"https:\/\/pg-academies.com\/de\/","name":"Professional Golf Academies","description":"Kick it like we do!","publisher":{"@id":"https:\/\/pg-academies.com\/de\/#organization"},"potentialAction":[{"@type":"SearchAction","target":{"@type":"EntryPoint","urlTemplate":"https:\/\/pg-academies.com\/de\/?s={search_term_string}"},"query-input":"required name=search_term_string"}],"inLanguage":"de"},{"@type":"Organization","@id":"https:\/\/pg-academies.com\/de\/#organization","name":"Professional Golf Academies","url":"https:\/\/pg-academies.com\/de\/","logo":{"@type":"ImageObject","inLanguage":"de","@id":"https:\/\/pg-academies.com\/de\/#\/schema\/logo\/image\/","url":"https:\/\/pg-academies.com\/wp-content\/uploads\/2021\/08\/pg-academies-logo-full-black.svg","contentUrl":"https:\/\/pg-academies.com\/wp-content\/uploads\/2021\/08\/pg-academies-logo-full-black.svg","caption":"Professional Golf Academies"},"image":{"@id":"https:\/\/pg-academies.com\/de\/#\/schema\/logo\/image\/"},"sameAs":["https:\/\/www.instagram.com\/germangolftours\/","https:\/\/www.facebook.com\/GermanGolfTours\/"]}]}},"_links":{"self":[{"href":"https:\/\/pg-academies.com\/de\/wp-json\/wp\/v2\/pages\/88989","targetHints":{"allow":["GET"]}}],"collection":[{"href":"https:\/\/pg-academies.com\/de\/wp-json\/wp\/v2\/pages"}],"about":[{"href":"https:\/\/pg-academies.com\/de\/wp-json\/wp\/v2\/types\/page"}],"author":[{"embeddable":true,"href":"https:\/\/pg-academies.com\/de\/wp-json\/wp\/v2\/users\/1"}],"replies":[{"embeddable":true,"href":"https:\/\/pg-academies.com\/de\/wp-json\/wp\/v2\/comments?post=88989"}],"version-history":[{"count":3,"href":"https:\/\/pg-academies.com\/de\/wp-json\/wp\/v2\/pages\/88989\/revisions"}],"predecessor-version":[{"id":89341,"href":"https:\/\/pg-academies.com\/de\/wp-json\/wp\/v2\/pages\/88989\/revisions\/89341"}],"wp:attachment":[{"href":"https:\/\/pg-academies.com\/de\/wp-json\/wp\/v2\/media?parent=88989"}],"curies":[{"name":"wp","href":"https:\/\/api.w.org\/{rel}","templated":true}]}}